{"id":1749,"date":"2026-01-20T16:50:40","date_gmt":"2026-01-20T15:50:40","guid":{"rendered":"https:\/\/abex.be\/?post_type=product&#038;p=1749"},"modified":"2026-03-26T12:39:36","modified_gmt":"2026-03-26T11:39:36","slug":"deelname-aan-het-diner-voor-deskundigen-en-magistraten-op-26-03-2026","status":"publish","type":"product","link":"https:\/\/abex.be\/nl\/catalogue\/participation-au-diner-des-experts-et-magistrats-du-26-03-2026\/","title":{"rendered":"Deelname aan het diner voor deskundigen en magistraten op 26\/03\/2026"},"content":{"rendered":"<div class=\"wpb-content-wrapper\"><div class=\"vc_row wpb_row vc_row-fluid dt-default\" style=\"margin-top: 0px;margin-bottom: 0px\"><div class=\"wpb_column vc_column_container vc_col-sm-12\"><div class=\"vc_column-inner\"><div class=\"wpb_wrapper\">\n\t<div class=\"wpb_text_column wpb_content_element\" >\n\t\t<div class=\"wpb_wrapper\">\n\t\t\t<p><strong>Thema van de avond :<\/strong><\/p>\n<p>Kamers voor minnelijke schikking en alternatieve geschillenbeslechting<\/p>\n<p><strong>Adres van de dag :<\/strong><\/p>\n<p>Panoramisch restaurant in het Atomium<br \/>\nAtomiumplein 1 - 1020 Brussel<\/p>\n<p><strong>Programma :<\/strong><\/p>\n<p>18.30 - 19.30 uur: Cocktails en discussies<br \/>\n19.30 - 21.30: Diner<br \/>\n21.30 - 22.00: Discussie<\/p>\n<p><strong>PAF :<\/strong> 60,00 INCL. BTW<\/p>\n<div class=\"elementor-element elementor-element-a4627c6 elementor-widget elementor-widget-text-editor\" data-id=\"a4627c6\" data-element_type=\"widget\" data-widget_type=\"text-editor.default\">\n<div class=\"elementor-widget-container\">\n<p>Uitnodiging uitsluitend voor ABEX-leden<\/p>\n<\/div>\n<\/div>\n\n\t\t<\/div>\n\t<\/div>\n<\/div><\/div><\/div><\/div>\n<\/div>","protected":false},"excerpt":{"rendered":"<p>Th\u00e8me de la soir\u00e9e : Les Chambres de r\u00e8glement amiable et mode alternatif de r\u00e8glement de conflit Adresse du jour : Restaurant panoramique de l&rsquo;Atomium Place de l&rsquo;Atomium 1 \u2013 1020 Brussels Programme : 18h30 \u2013 19h30 : Cocktail &amp; \u00e9changes 19h30 \u2013 21h30 : Menu \u00e0 table 21h30 \u2013 22h00 : Echanges PAF :&hellip;<\/p>","protected":false},"featured_media":1835,"template":"","meta":{"_acf_changed":false},"product_brand":[],"product_cat":[111],"product_tag":[],"class_list":{"0":"post-1749","1":"product","2":"type-product","3":"status-publish","4":"has-post-thumbnail","6":"product_cat-evenement","7":"description-off","9":"first","10":"outofstock","11":"virtual","12":"sold-individually","13":"taxable","14":"purchasable","15":"product-type-simple"},"acf":[],"yoast_head":"<!-- This site is optimized with the Yoast SEO plugin v27.4 - https:\/\/yoast.com\/product\/yoast-seo-wordpress\/ -->\n<title>Participation au d\u00eener des experts et magistrats du 26\/03\/2026 - ABEX<\/title>\n<meta name=\"robots\" content=\"index, follow, max-snippet:-1, max-image-preview:large, max-video-preview:-1\" \/>\n<link rel=\"canonical\" href=\"https:\/\/abex.be\/nl\/catalogus\/deelname-aan-het-diner-voor-deskundigen-en-magistraten-op-26-03-2026\/\" \/>\n<meta property=\"og:locale\" content=\"nl_NL\" \/>\n<meta property=\"og:type\" content=\"article\" \/>\n<meta property=\"og:title\" content=\"Participation au d\u00eener des experts et magistrats du 26\/03\/2026 - ABEX\" \/>\n<meta property=\"og:url\" content=\"https:\/\/abex.be\/nl\/catalogus\/deelname-aan-het-diner-voor-deskundigen-en-magistraten-op-26-03-2026\/\" \/>\n<meta property=\"og:site_name\" content=\"ABEX\" \/>\n<meta property=\"article:modified_time\" content=\"2026-03-26T11:39:36+00:00\" \/>\n<meta property=\"og:image\" content=\"https:\/\/abex.be\/wp-content\/uploads\/2026\/01\/ABEX-ExpMagist2026_FR_v2.png\" \/>\n\t<meta property=\"og:image:width\" content=\"1080\" \/>\n\t<meta property=\"og:image:height\" content=\"1080\" \/>\n\t<meta property=\"og:image:type\" content=\"image\/png\" \/>\n<meta name=\"twitter:card\" content=\"summary_large_image\" \/>\n<meta name=\"twitter:label1\" content=\"Geschatte leestijd\" \/>\n\t<meta name=\"twitter:data1\" content=\"1 minuut\" \/>\n<script type=\"application\/ld+json\" class=\"yoast-schema-graph\">{\"@context\":\"https:\\\/\\\/schema.org\",\"@graph\":[{\"@type\":\"WebPage\",\"@id\":\"https:\\\/\\\/abex.be\\\/catalogue\\\/participation-au-diner-des-experts-et-magistrats-du-26-03-2026\\\/\",\"url\":\"https:\\\/\\\/abex.be\\\/catalogue\\\/participation-au-diner-des-experts-et-magistrats-du-26-03-2026\\\/\",\"name\":\"Participation au d\u00eener des experts et magistrats du 26\\\/03\\\/2026 - ABEX\",\"isPartOf\":{\"@id\":\"https:\\\/\\\/abex.be\\\/#website\"},\"primaryImageOfPage\":{\"@id\":\"https:\\\/\\\/abex.be\\\/catalogue\\\/participation-au-diner-des-experts-et-magistrats-du-26-03-2026\\\/#primaryimage\"},\"image\":{\"@id\":\"https:\\\/\\\/abex.be\\\/catalogue\\\/participation-au-diner-des-experts-et-magistrats-du-26-03-2026\\\/#primaryimage\"},\"thumbnailUrl\":\"https:\\\/\\\/abex.be\\\/wp-content\\\/uploads\\\/2026\\\/01\\\/ABEX-ExpMagist2026_FR_v2.png\",\"datePublished\":\"2026-01-20T15:50:40+00:00\",\"dateModified\":\"2026-03-26T11:39:36+00:00\",\"breadcrumb\":{\"@id\":\"https:\\\/\\\/abex.be\\\/catalogue\\\/participation-au-diner-des-experts-et-magistrats-du-26-03-2026\\\/#breadcrumb\"},\"inLanguage\":\"nl-NL\",\"potentialAction\":[{\"@type\":\"ReadAction\",\"target\":[\"https:\\\/\\\/abex.be\\\/catalogue\\\/participation-au-diner-des-experts-et-magistrats-du-26-03-2026\\\/\"]}]},{\"@type\":\"ImageObject\",\"inLanguage\":\"nl-NL\",\"@id\":\"https:\\\/\\\/abex.be\\\/catalogue\\\/participation-au-diner-des-experts-et-magistrats-du-26-03-2026\\\/#primaryimage\",\"url\":\"https:\\\/\\\/abex.be\\\/wp-content\\\/uploads\\\/2026\\\/01\\\/ABEX-ExpMagist2026_FR_v2.png\",\"contentUrl\":\"https:\\\/\\\/abex.be\\\/wp-content\\\/uploads\\\/2026\\\/01\\\/ABEX-ExpMagist2026_FR_v2.png\",\"width\":1080,\"height\":1080},{\"@type\":\"BreadcrumbList\",\"@id\":\"https:\\\/\\\/abex.be\\\/catalogue\\\/participation-au-diner-des-experts-et-magistrats-du-26-03-2026\\\/#breadcrumb\",\"itemListElement\":[{\"@type\":\"ListItem\",\"position\":1,\"name\":\"Accueil\",\"item\":\"https:\\\/\\\/abex.be\\\/\"},{\"@type\":\"ListItem\",\"position\":2,\"name\":\"Shop\",\"item\":\"https:\\\/\\\/abex.be\\\/vente-en-ligne\\\/\"},{\"@type\":\"ListItem\",\"position\":3,\"name\":\"Participation au d\u00eener des experts et magistrats du 26\\\/03\\\/2026\"}]},{\"@type\":\"WebSite\",\"@id\":\"https:\\\/\\\/abex.be\\\/#website\",\"url\":\"https:\\\/\\\/abex.be\\\/\",\"name\":\"ABEX\",\"description\":\"Association belge des Experts - Associatie van Belgische experten\",\"publisher\":{\"@id\":\"https:\\\/\\\/abex.be\\\/#organization\"},\"potentialAction\":[{\"@type\":\"SearchAction\",\"target\":{\"@type\":\"EntryPoint\",\"urlTemplate\":\"https:\\\/\\\/abex.be\\\/?s={search_term_string}\"},\"query-input\":{\"@type\":\"PropertyValueSpecification\",\"valueRequired\":true,\"valueName\":\"search_term_string\"}}],\"inLanguage\":\"nl-NL\"},{\"@type\":\"Organization\",\"@id\":\"https:\\\/\\\/abex.be\\\/#organization\",\"name\":\"Association belge des Experts - Associatie van Belgische experten\",\"url\":\"https:\\\/\\\/abex.be\\\/\",\"logo\":{\"@type\":\"ImageObject\",\"inLanguage\":\"nl-NL\",\"@id\":\"https:\\\/\\\/abex.be\\\/#\\\/schema\\\/logo\\\/image\\\/\",\"url\":\"https:\\\/\\\/abex.be\\\/wp-content\\\/uploads\\\/2025\\\/07\\\/ABEX-old-logo-blue-281.png\",\"contentUrl\":\"https:\\\/\\\/abex.be\\\/wp-content\\\/uploads\\\/2025\\\/07\\\/ABEX-old-logo-blue-281.png\",\"width\":1024,\"height\":1024,\"caption\":\"Association belge des Experts - Associatie van Belgische experten\"},\"image\":{\"@id\":\"https:\\\/\\\/abex.be\\\/#\\\/schema\\\/logo\\\/image\\\/\"},\"sameAs\":[\"https:\\\/\\\/www.linkedin.com\\\/company\\\/abex-up\\\/\"]}]}<\/script>\n<!-- \/ Yoast SEO plugin. -->","yoast_head_json":{"title":"Deelname aan het diner voor deskundigen en magistraten op 26\/03\/2026 - ABEX","robots":{"index":"index","follow":"follow","max-snippet":"max-snippet:-1","max-image-preview":"max-image-preview:large","max-video-preview":"max-video-preview:-1"},"canonical":"https:\/\/abex.be\/nl\/catalogus\/deelname-aan-het-diner-voor-deskundigen-en-magistraten-op-26-03-2026\/","og_locale":"nl_NL","og_type":"article","og_title":"Participation au d\u00eener des experts et magistrats du 26\/03\/2026 - ABEX","og_url":"https:\/\/abex.be\/nl\/catalogus\/deelname-aan-het-diner-voor-deskundigen-en-magistraten-op-26-03-2026\/","og_site_name":"ABEX","article_modified_time":"2026-03-26T11:39:36+00:00","og_image":[{"width":1080,"height":1080,"url":"https:\/\/abex.be\/wp-content\/uploads\/2026\/01\/ABEX-ExpMagist2026_FR_v2.png","type":"image\/png"}],"twitter_card":"summary_large_image","twitter_misc":{"Geschatte leestijd":"1 minuut"},"schema":{"@context":"https:\/\/schema.org","@graph":[{"@type":"WebPage","@id":"https:\/\/abex.be\/catalogue\/participation-au-diner-des-experts-et-magistrats-du-26-03-2026\/","url":"https:\/\/abex.be\/catalogue\/participation-au-diner-des-experts-et-magistrats-du-26-03-2026\/","name":"Deelname aan het diner voor deskundigen en magistraten op 26\/03\/2026 - ABEX","isPartOf":{"@id":"https:\/\/abex.be\/#website"},"primaryImageOfPage":{"@id":"https:\/\/abex.be\/catalogue\/participation-au-diner-des-experts-et-magistrats-du-26-03-2026\/#primaryimage"},"image":{"@id":"https:\/\/abex.be\/catalogue\/participation-au-diner-des-experts-et-magistrats-du-26-03-2026\/#primaryimage"},"thumbnailUrl":"https:\/\/abex.be\/wp-content\/uploads\/2026\/01\/ABEX-ExpMagist2026_FR_v2.png","datePublished":"2026-01-20T15:50:40+00:00","dateModified":"2026-03-26T11:39:36+00:00","breadcrumb":{"@id":"https:\/\/abex.be\/catalogue\/participation-au-diner-des-experts-et-magistrats-du-26-03-2026\/#breadcrumb"},"inLanguage":"nl-NL","potentialAction":[{"@type":"ReadAction","target":["https:\/\/abex.be\/catalogue\/participation-au-diner-des-experts-et-magistrats-du-26-03-2026\/"]}]},{"@type":"ImageObject","inLanguage":"nl-NL","@id":"https:\/\/abex.be\/catalogue\/participation-au-diner-des-experts-et-magistrats-du-26-03-2026\/#primaryimage","url":"https:\/\/abex.be\/wp-content\/uploads\/2026\/01\/ABEX-ExpMagist2026_FR_v2.png","contentUrl":"https:\/\/abex.be\/wp-content\/uploads\/2026\/01\/ABEX-ExpMagist2026_FR_v2.png","width":1080,"height":1080},{"@type":"BreadcrumbList","@id":"https:\/\/abex.be\/catalogue\/participation-au-diner-des-experts-et-magistrats-du-26-03-2026\/#breadcrumb","itemListElement":[{"@type":"ListItem","position":1,"name":"Accueil","item":"https:\/\/abex.be\/"},{"@type":"ListItem","position":2,"name":"Shop","item":"https:\/\/abex.be\/vente-en-ligne\/"},{"@type":"ListItem","position":3,"name":"Participation au d\u00eener des experts et magistrats du 26\/03\/2026"}]},{"@type":"WebSite","@id":"https:\/\/abex.be\/#website","url":"https:\/\/abex.be\/","name":"ABEX","description":"Belgische expertenvereniging - Vereniging van Belgische experten","publisher":{"@id":"https:\/\/abex.be\/#organization"},"potentialAction":[{"@type":"SearchAction","target":{"@type":"EntryPoint","urlTemplate":"https:\/\/abex.be\/?s={search_term_string}"},"query-input":{"@type":"PropertyValueSpecification","valueRequired":true,"valueName":"search_term_string"}}],"inLanguage":"nl-NL"},{"@type":"Organization","@id":"https:\/\/abex.be\/#organization","name":"Belgische expertenvereniging - Vereniging van Belgische experten","url":"https:\/\/abex.be\/","logo":{"@type":"ImageObject","inLanguage":"nl-NL","@id":"https:\/\/abex.be\/#\/schema\/logo\/image\/","url":"https:\/\/abex.be\/wp-content\/uploads\/2025\/07\/ABEX-old-logo-blue-281.png","contentUrl":"https:\/\/abex.be\/wp-content\/uploads\/2025\/07\/ABEX-old-logo-blue-281.png","width":1024,"height":1024,"caption":"Association belge des Experts - Associatie van Belgische experten"},"image":{"@id":"https:\/\/abex.be\/#\/schema\/logo\/image\/"},"sameAs":["https:\/\/www.linkedin.com\/company\/abex-up\/"]}]}},"_links":{"self":[{"href":"https:\/\/abex.be\/nl\/wp-json\/wp\/v2\/product\/1749","targetHints":{"allow":["GET"]}}],"collection":[{"href":"https:\/\/abex.be\/nl\/wp-json\/wp\/v2\/product"}],"about":[{"href":"https:\/\/abex.be\/nl\/wp-json\/wp\/v2\/types\/product"}],"wp:featuredmedia":[{"embeddable":true,"href":"https:\/\/abex.be\/nl\/wp-json\/wp\/v2\/media\/1835"}],"wp:attachment":[{"href":"https:\/\/abex.be\/nl\/wp-json\/wp\/v2\/media?parent=1749"}],"wp:term":[{"taxonomy":"product_brand","embeddable":true,"href":"https:\/\/abex.be\/nl\/wp-json\/wp\/v2\/product_brand?post=1749"},{"taxonomy":"product_cat","embeddable":true,"href":"https:\/\/abex.be\/nl\/wp-json\/wp\/v2\/product_cat?post=1749"},{"taxonomy":"product_tag","embeddable":true,"href":"https:\/\/abex.be\/nl\/wp-json\/wp\/v2\/product_tag?post=1749"}],"curies":[{"name":"wp","href":"https:\/\/api.w.org\/{rel}","templated":true}]}}