{"id":726,"date":"2025-03-31T07:58:17","date_gmt":"2025-03-31T05:58:17","guid":{"rendered":"https:\/\/abex.be\/?page_id=726"},"modified":"2025-09-03T12:58:34","modified_gmt":"2025-09-03T10:58:34","slug":"meetcode-van-de-oppervlakten","status":"publish","type":"page","link":"https:\/\/abex.be\/nl\/vente-en-ligne\/code-de-mesurage\/","title":{"rendered":"Meetcode"},"content":{"rendered":"<div class=\"wpb-content-wrapper\"><div class=\"stripe stripe-style-1\" style=\"background-position: top;background-repeat: no-repeat;background-attachment: scroll;background-size: auto;padding-top: 0px;padding-bottom: 0px;margin-top: 0px;margin-bottom: 0px\"><div class=\"vc_row wpb_row vc_row-fluid\" style=\"\"><div class=\"wpb_column vc_column_container vc_col-sm-12\"><div class=\"vc_column-inner vc_custom_1743346590451\"><div class=\"wpb_wrapper\">\n\t<div class=\"wpb_text_column wpb_content_element\" >\n\t\t<div class=\"wpb_wrapper\">\n\t\t\t<p>Deze syllabus is gepubliceerd om professionals in de vastgoedsector maar ook consumenten een hulpmiddel te bieden dat zorgt voor de grootst mogelijke transparantie tussen alle betrokkenen in deze activiteitensector.<\/p>\n<p>Ook andere beroepen, naast die van vastgoedexpert, hebben belang bij een codering van de afmetingen van gebouwde eigendommen om burgers absolute zekerheid te garanderen bij de opstelling van akten. Of het nu gaat om een notaris, een vastgoedmakelaar, een architect of een landmeter, de opsteller van een rapport of akte moet door zoveel mogelijk professionals en consumenten begrepen worden.<\/p>\n<p>Daarom heeft de ABEX Academy besloten om deze nieuwe Meetcode van de oppervlakten van gebouwde eigendommen te ondersteunen door deze syllabus te publiceren en opleidingen te organiseren die voor iedereen toegankelijk zijn.<\/p>\n<p>De ABEX hoopt dat de Meetcode van de oppervlakten (MCO) een zo groot mogelijke weerklank zal vinden en als basis zal dienen voor de berekening van de verschillende wetgevingen binnen de Belgische vastgoedsector.<\/p>\n\n\t\t<\/div>\n\t<\/div>\n<div class=\"vc_separator wpb_content_element vc_separator_align_center vc_sep_width_100 vc_sep_pos_align_center vc_separator_no_text vc_sep_color_black wpb_content_element  wpb_content_element\" ><span class=\"vc_sep_holder vc_sep_holder_l\"><span class=\"vc_sep_line\"><\/span><\/span><span class=\"vc_sep_holder vc_sep_holder_r\"><span class=\"vc_sep_line\"><\/span><\/span>\n<\/div><style type=\"text\/css\" data-type=\"the7_shortcodes-inline-css\">.products-shortcode.products-masonry-shortcode-id-dc4a6721d330b12b747c3f2ccdfc296f .filter-bg-decoration .filter-categories a.act {\n  color: #fff;\n}\n.products-shortcode.products-masonry-shortcode-id-dc4a6721d330b12b747c3f2ccdfc296f:not(.resize-by-browser-width) .dt-css-grid {\n  grid-row-gap: 30px;\n  grid-column-gap: 30px;\n  grid-template-columns: repeat(auto-fill,minmax(,1fr));\n}\n.cssgridlegacy.no-cssgrid .products-shortcode.products-masonry-shortcode-id-dc4a6721d330b12b747c3f2ccdfc296f:not(.resize-by-browser-width) .dt-css-grid,\n.no-cssgridlegacy.no-cssgrid .products-shortcode.products-masonry-shortcode-id-dc4a6721d330b12b747c3f2ccdfc296f:not(.resize-by-browser-width) .dt-css-grid {\n  display: flex;\n  flex-flow: row wrap;\n  margin: -15px;\n}\n.cssgridlegacy.no-cssgrid .products-shortcode.products-masonry-shortcode-id-dc4a6721d330b12b747c3f2ccdfc296f:not(.resize-by-browser-width) .dt-css-grid .wf-cell,\n.no-cssgridlegacy.no-cssgrid .products-shortcode.products-masonry-shortcode-id-dc4a6721d330b12b747c3f2ccdfc296f:not(.resize-by-browser-width) .dt-css-grid .wf-cell {\n  flex: 1 0 ;\n  max-width: 100%;\n  padding: 15px;\n  box-sizing: border-box;\n}\n.products-shortcode.products-masonry-shortcode-id-dc4a6721d330b12b747c3f2ccdfc296f.resize-by-browser-width .dt-css-grid {\n  grid-template-columns: repeat(4,1fr);\n  grid-template-rows: auto;\n  grid-column-gap: 30px;\n  grid-row-gap: 30px;\n}\n.cssgridlegacy.no-cssgrid .products-shortcode.products-masonry-shortcode-id-dc4a6721d330b12b747c3f2ccdfc296f.resize-by-browser-width .dt-css-grid,\n.no-cssgridlegacy.no-cssgrid .products-shortcode.products-masonry-shortcode-id-dc4a6721d330b12b747c3f2ccdfc296f.resize-by-browser-width .dt-css-grid {\n  margin: -15px;\n}\n.cssgridlegacy.no-cssgrid .products-shortcode.products-masonry-shortcode-id-dc4a6721d330b12b747c3f2ccdfc296f.resize-by-browser-width .dt-css-grid .wf-cell,\n.no-cssgridlegacy.no-cssgrid .products-shortcode.products-masonry-shortcode-id-dc4a6721d330b12b747c3f2ccdfc296f.resize-by-browser-width .dt-css-grid .wf-cell {\n  width: 25%;\n  padding: 15px;\n}\n@media screen and (max-width: 1199px) {\n  .products-shortcode.products-masonry-shortcode-id-dc4a6721d330b12b747c3f2ccdfc296f.resize-by-browser-width .dt-css-grid {\n    grid-template-columns: repeat(3,1fr);\n  }\n  .cssgridlegacy.no-cssgrid .products-shortcode.products-masonry-shortcode-id-dc4a6721d330b12b747c3f2ccdfc296f.resize-by-browser-width .dt-css-grid .wf-cell,\n  .no-cssgridlegacy.no-cssgrid .products-shortcode.products-masonry-shortcode-id-dc4a6721d330b12b747c3f2ccdfc296f.resize-by-browser-width .dt-css-grid .wf-cell {\n    width: 33.333333333333%;\n  }\n}\n@media screen and (max-width: 991px) {\n  .products-shortcode.products-masonry-shortcode-id-dc4a6721d330b12b747c3f2ccdfc296f.resize-by-browser-width .dt-css-grid {\n    grid-template-columns: repeat(2,1fr);\n  }\n  .cssgridlegacy.no-cssgrid .products-shortcode.products-masonry-shortcode-id-dc4a6721d330b12b747c3f2ccdfc296f.resize-by-browser-width .dt-css-grid .wf-cell,\n  .no-cssgridlegacy.no-cssgrid .products-shortcode.products-masonry-shortcode-id-dc4a6721d330b12b747c3f2ccdfc296f.resize-by-browser-width .dt-css-grid .wf-cell {\n    width: 50%;\n  }\n}\n@media screen and (max-width: 767px) {\n  .products-shortcode.products-masonry-shortcode-id-dc4a6721d330b12b747c3f2ccdfc296f.resize-by-browser-width .dt-css-grid {\n    grid-template-columns: repeat(1,1fr);\n  }\n  .cssgridlegacy.no-cssgrid .products-shortcode.products-masonry-shortcode-id-dc4a6721d330b12b747c3f2ccdfc296f.resize-by-browser-width .dt-css-grid .wf-cell,\n  .no-cssgridlegacy.no-cssgrid .products-shortcode.products-masonry-shortcode-id-dc4a6721d330b12b747c3f2ccdfc296f.resize-by-browser-width .dt-css-grid .wf-cell {\n    width: 100%;\n  }\n}<\/style><div class=\"products-shortcode products-masonry-shortcode-id-dc4a6721d330b12b747c3f2ccdfc296f mode-grid cart-btn-below-img hide-description jquery-filter wc-img-hover dt-css-grid-wrap resize-by-browser-width loading-effect-none description-under-image content-align-centre wc-grid\" data-padding=\"15px\" data-cur-page=\"1\" data-post-limit=\"-1\" data-pagination-mode=\"none\" data-desktop-columns-num=\"4\" data-v-tablet-columns-num=\"2\" data-h-tablet-columns-num=\"3\" data-phone-columns-num=\"1\" data-width=\"0px\" data-columns=\"0\"><div class=\"dt-css-grid\" ><div class=\"visible wf-cell visible\" data-post-id=\"729\" data-date=\"2025-03-31T07:59:53+02:00\" data-name=\"Code de Mesurage des Surfaces (CMS)\"><article class=\"post project-odd visible description-off product type-product post-729 status-publish first instock product_cat-code-de-mesurage has-post-thumbnail taxable shipping-taxable purchasable product-type-variable\" ><figure class=\"woocom-project\">\n\t<div class=\"woo-buttons-on-img\">\n\n\t\t<a href=\"https:\/\/abex.be\/nl\/catalogue\/code-de-mesurage-des-surfaces-cms\/\" class=\"alignnone layzr-bg\"><img loading=\"lazy\" decoding=\"async\" width=\"300\" height=\"424\" src=\"data:image\/svg+xml;charset=utf-8,%3Csvg xmlns%3D&#039;http%3A%2F%2Fwww.w3.org%2F2000%2Fsvg&#039; viewBox%3D&#039;0 0 300 424&#039;%2F%3E\" class=\"attachment-woocommerce_thumbnail size-woocommerce_thumbnail iso-lazy-load preload-me\" alt=\"Oppervlakte Meetcode (CMS)\" data-src=\"https:\/\/abex.be\/wp-content\/uploads\/2025\/03\/CMS-FR-cover-300x424.png\" data-srcset=\"https:\/\/abex.be\/wp-content\/uploads\/2025\/03\/CMS-FR-cover-300x424.png 300w, https:\/\/abex.be\/wp-content\/uploads\/2025\/03\/CMS-FR-cover-212x300.png 212w, https:\/\/abex.be\/wp-content\/uploads\/2025\/03\/CMS-FR-cover.png 379w\" \/><\/a>\n\t<\/div>\n\t<figcaption class=\"woocom-list-content\">\n\n\t\t<div class=\"woo-buttons\"><a href=\"https:\/\/abex.be\/nl\/catalogue\/code-de-mesurage-des-surfaces-cms\/\" aria-describedby=\"woocommerce_loop_add_to_cart_link_describedby_729\" data-quantity=\"1\" class=\"product_type_variable add_to_cart_button\" data-product_id=\"729\" data-product_sku=\"\" aria-label=\"Selecteer opties voor \u201cCode de Mesurage des Surfaces (CMS)\u201d\" rel=\"nofollow\" data-no-translation=\"\" data-trp-gettext=\"\" data-no-translation-aria-label=\"\">Opties selecteren<\/a>\t<span id=\"woocommerce_loop_add_to_cart_link_describedby_729\" class=\"screen-reader-text\">\n\t\tDit product heeft meerdere variaties. Deze optie kan gekozen worden op de productpagina\t<\/span>\n<\/div>\n\t<\/figcaption>\n<\/figure>\n<\/article><\/div><\/div><!-- iso-container|iso-grid --><\/div><\/div><\/div><\/div><\/div><\/div>\n<\/div>","protected":false},"excerpt":{"rendered":"<p>Deze syllabus is gepubliceerd om professionals in de vastgoedsector en consumenten een hulpmiddel te bieden dat zorgt voor de grootst mogelijke transparantie tussen alle betrokkenen in deze sector. Andere beroepen, perifeer aan dat van onroerend goed taxateur, hebben ook belang bij het coderen van metingen van gebouwd onroerend goed om...<\/p>","protected":false},"author":1,"featured_media":732,"parent":10,"menu_order":0,"comment_status":"closed","ping_status":"closed","template":"","meta":{"footnotes":""},"class_list":["post-726","page","type-page","status-publish","has-post-thumbnail","hentry","description-off"],"yoast_head":"<!-- This site is optimized with the Yoast SEO plugin v27.4 - https:\/\/yoast.com\/product\/yoast-seo-wordpress\/ -->\n<title>Code de mesurage des surfaces - ABEX<\/title>\n<meta name=\"description\" content=\"La Commission de l\u2019indice ABEX, a \u00e9largi son syst\u00e8me de r\u00e9colte de prix unitaires et simplifi\u00e9 la lecture du bordereau en offrant un \u00e9ventail de prix. Ce bordereau reprend la moyenne des prix unitaires de plus de quatre cents postes significatifs entrant dans la construction des habitations priv\u00e9es.\" \/>\n<meta name=\"robots\" content=\"index, follow, max-snippet:-1, max-image-preview:large, max-video-preview:-1\" \/>\n<link rel=\"canonical\" href=\"https:\/\/abex.be\/nl\/online-verkoop\/meetcode-van-de-oppervlakten\/\" \/>\n<meta property=\"og:locale\" content=\"nl_NL\" \/>\n<meta property=\"og:type\" content=\"article\" \/>\n<meta property=\"og:title\" content=\"Code de mesurage des surfaces - ABEX\" \/>\n<meta property=\"og:description\" content=\"La Commission de l\u2019indice ABEX, a \u00e9largi son syst\u00e8me de r\u00e9colte de prix unitaires et simplifi\u00e9 la lecture du bordereau en offrant un \u00e9ventail de prix. Ce bordereau reprend la moyenne des prix unitaires de plus de quatre cents postes significatifs entrant dans la construction des habitations priv\u00e9es.\" \/>\n<meta property=\"og:url\" content=\"https:\/\/abex.be\/nl\/online-verkoop\/meetcode-van-de-oppervlakten\/\" \/>\n<meta property=\"og:site_name\" content=\"ABEX\" \/>\n<meta property=\"article:modified_time\" content=\"2025-09-03T10:58:34+00:00\" \/>\n<meta property=\"og:image\" content=\"https:\/\/abex.be\/wp-content\/uploads\/2025\/03\/CMS-FR-cover.png\" \/>\n\t<meta property=\"og:image:width\" content=\"379\" \/>\n\t<meta property=\"og:image:height\" content=\"536\" \/>\n\t<meta property=\"og:image:type\" content=\"image\/png\" \/>\n<meta name=\"twitter:card\" content=\"summary_large_image\" \/>\n<meta name=\"twitter:title\" content=\"Code de mesurage des surfaces - ABEX\" \/>\n<meta name=\"twitter:description\" content=\"La Commission de l\u2019indice ABEX, a \u00e9largi son syst\u00e8me de r\u00e9colte de prix unitaires et simplifi\u00e9 la lecture du bordereau en offrant un \u00e9ventail de prix. Ce bordereau reprend la moyenne des prix unitaires de plus de quatre cents postes significatifs entrant dans la construction des habitations priv\u00e9es.\" \/>\n<meta name=\"twitter:image\" content=\"https:\/\/abex.be\/wp-content\/uploads\/2025\/03\/CMS-FR-cover.png\" \/>\n<meta name=\"twitter:label1\" content=\"Geschatte leestijd\" \/>\n\t<meta name=\"twitter:data1\" content=\"2 minuten\" \/>\n<script type=\"application\/ld+json\" class=\"yoast-schema-graph\">{\"@context\":\"https:\\\/\\\/schema.org\",\"@graph\":[{\"@type\":\"WebPage\",\"@id\":\"https:\\\/\\\/abex.be\\\/vente-en-ligne\\\/code-de-mesurage\\\/\",\"url\":\"https:\\\/\\\/abex.be\\\/vente-en-ligne\\\/code-de-mesurage\\\/\",\"name\":\"Code de mesurage des surfaces - ABEX\",\"isPartOf\":{\"@id\":\"https:\\\/\\\/abex.be\\\/#website\"},\"primaryImageOfPage\":{\"@id\":\"https:\\\/\\\/abex.be\\\/vente-en-ligne\\\/code-de-mesurage\\\/#primaryimage\"},\"image\":{\"@id\":\"https:\\\/\\\/abex.be\\\/vente-en-ligne\\\/code-de-mesurage\\\/#primaryimage\"},\"thumbnailUrl\":\"https:\\\/\\\/abex.be\\\/wp-content\\\/uploads\\\/2025\\\/03\\\/CMS-FR-cover.png\",\"datePublished\":\"2025-03-31T05:58:17+00:00\",\"dateModified\":\"2025-09-03T10:58:34+00:00\",\"description\":\"La Commission de l\u2019indice ABEX, a \u00e9largi son syst\u00e8me de r\u00e9colte de prix unitaires et simplifi\u00e9 la lecture du bordereau en offrant un \u00e9ventail de prix. Ce bordereau reprend la moyenne des prix unitaires de plus de quatre cents postes significatifs entrant dans la construction des habitations priv\u00e9es.\",\"breadcrumb\":{\"@id\":\"https:\\\/\\\/abex.be\\\/vente-en-ligne\\\/code-de-mesurage\\\/#breadcrumb\"},\"inLanguage\":\"nl-NL\",\"potentialAction\":[{\"@type\":\"ReadAction\",\"target\":[\"https:\\\/\\\/abex.be\\\/vente-en-ligne\\\/code-de-mesurage\\\/\"]}]},{\"@type\":\"ImageObject\",\"inLanguage\":\"nl-NL\",\"@id\":\"https:\\\/\\\/abex.be\\\/vente-en-ligne\\\/code-de-mesurage\\\/#primaryimage\",\"url\":\"https:\\\/\\\/abex.be\\\/wp-content\\\/uploads\\\/2025\\\/03\\\/CMS-FR-cover.png\",\"contentUrl\":\"https:\\\/\\\/abex.be\\\/wp-content\\\/uploads\\\/2025\\\/03\\\/CMS-FR-cover.png\",\"width\":379,\"height\":536},{\"@type\":\"BreadcrumbList\",\"@id\":\"https:\\\/\\\/abex.be\\\/vente-en-ligne\\\/code-de-mesurage\\\/#breadcrumb\",\"itemListElement\":[{\"@type\":\"ListItem\",\"position\":1,\"name\":\"Accueil\",\"item\":\"https:\\\/\\\/abex.be\\\/\"},{\"@type\":\"ListItem\",\"position\":2,\"name\":\"Shop\",\"item\":\"https:\\\/\\\/abex.be\\\/vente-en-ligne\\\/\"},{\"@type\":\"ListItem\",\"position\":3,\"name\":\"Code de mesurage\"}]},{\"@type\":\"WebSite\",\"@id\":\"https:\\\/\\\/abex.be\\\/#website\",\"url\":\"https:\\\/\\\/abex.be\\\/\",\"name\":\"ABEX\",\"description\":\"Association belge des Experts - Associatie van Belgische experten\",\"publisher\":{\"@id\":\"https:\\\/\\\/abex.be\\\/#organization\"},\"potentialAction\":[{\"@type\":\"SearchAction\",\"target\":{\"@type\":\"EntryPoint\",\"urlTemplate\":\"https:\\\/\\\/abex.be\\\/?s={search_term_string}\"},\"query-input\":{\"@type\":\"PropertyValueSpecification\",\"valueRequired\":true,\"valueName\":\"search_term_string\"}}],\"inLanguage\":\"nl-NL\"},{\"@type\":\"Organization\",\"@id\":\"https:\\\/\\\/abex.be\\\/#organization\",\"name\":\"Association belge des Experts - Associatie van Belgische experten\",\"url\":\"https:\\\/\\\/abex.be\\\/\",\"logo\":{\"@type\":\"ImageObject\",\"inLanguage\":\"nl-NL\",\"@id\":\"https:\\\/\\\/abex.be\\\/#\\\/schema\\\/logo\\\/image\\\/\",\"url\":\"https:\\\/\\\/abex.be\\\/wp-content\\\/uploads\\\/2025\\\/07\\\/ABEX-old-logo-blue-281.png\",\"contentUrl\":\"https:\\\/\\\/abex.be\\\/wp-content\\\/uploads\\\/2025\\\/07\\\/ABEX-old-logo-blue-281.png\",\"width\":1024,\"height\":1024,\"caption\":\"Association belge des Experts - Associatie van Belgische experten\"},\"image\":{\"@id\":\"https:\\\/\\\/abex.be\\\/#\\\/schema\\\/logo\\\/image\\\/\"},\"sameAs\":[\"https:\\\/\\\/www.linkedin.com\\\/company\\\/abex-up\\\/\"]}]}<\/script>\n<!-- \/ Yoast SEO plugin. -->","yoast_head_json":{"title":"Gebied meetcode - ABEX","description":"De ABEX-indexcommissie heeft haar systeem voor het verzamelen van eenheidsprijzen uitgebreid en het lezen van de lijst vereenvoudigd door een reeks prijzen aan te bieden. Deze lijst bevat de gemiddelde eenheidsprijzen van meer dan vierhonderd belangrijke items die worden gebruikt in de bouw van particuliere woningen.","robots":{"index":"index","follow":"follow","max-snippet":"max-snippet:-1","max-image-preview":"max-image-preview:large","max-video-preview":"max-video-preview:-1"},"canonical":"https:\/\/abex.be\/nl\/online-verkoop\/meetcode-van-de-oppervlakten\/","og_locale":"nl_NL","og_type":"article","og_title":"Code de mesurage des surfaces - ABEX","og_description":"La Commission de l\u2019indice ABEX, a \u00e9largi son syst\u00e8me de r\u00e9colte de prix unitaires et simplifi\u00e9 la lecture du bordereau en offrant un \u00e9ventail de prix. Ce bordereau reprend la moyenne des prix unitaires de plus de quatre cents postes significatifs entrant dans la construction des habitations priv\u00e9es.","og_url":"https:\/\/abex.be\/nl\/online-verkoop\/meetcode-van-de-oppervlakten\/","og_site_name":"ABEX","article_modified_time":"2025-09-03T10:58:34+00:00","og_image":[{"width":379,"height":536,"url":"https:\/\/abex.be\/wp-content\/uploads\/2025\/03\/CMS-FR-cover.png","type":"image\/png"}],"twitter_card":"summary_large_image","twitter_title":"Code de mesurage des surfaces - ABEX","twitter_description":"La Commission de l\u2019indice ABEX, a \u00e9largi son syst\u00e8me de r\u00e9colte de prix unitaires et simplifi\u00e9 la lecture du bordereau en offrant un \u00e9ventail de prix. Ce bordereau reprend la moyenne des prix unitaires de plus de quatre cents postes significatifs entrant dans la construction des habitations priv\u00e9es.","twitter_image":"https:\/\/abex.be\/wp-content\/uploads\/2025\/03\/CMS-FR-cover.png","twitter_misc":{"Geschatte leestijd":"2 minuten"},"schema":{"@context":"https:\/\/schema.org","@graph":[{"@type":"WebPage","@id":"https:\/\/abex.be\/vente-en-ligne\/code-de-mesurage\/","url":"https:\/\/abex.be\/vente-en-ligne\/code-de-mesurage\/","name":"Gebied meetcode - ABEX","isPartOf":{"@id":"https:\/\/abex.be\/#website"},"primaryImageOfPage":{"@id":"https:\/\/abex.be\/vente-en-ligne\/code-de-mesurage\/#primaryimage"},"image":{"@id":"https:\/\/abex.be\/vente-en-ligne\/code-de-mesurage\/#primaryimage"},"thumbnailUrl":"https:\/\/abex.be\/wp-content\/uploads\/2025\/03\/CMS-FR-cover.png","datePublished":"2025-03-31T05:58:17+00:00","dateModified":"2025-09-03T10:58:34+00:00","description":"De ABEX-indexcommissie heeft haar systeem voor het verzamelen van eenheidsprijzen uitgebreid en het lezen van de lijst vereenvoudigd door een reeks prijzen aan te bieden. Deze lijst bevat de gemiddelde eenheidsprijzen van meer dan vierhonderd belangrijke items die worden gebruikt in de bouw van particuliere woningen.","breadcrumb":{"@id":"https:\/\/abex.be\/vente-en-ligne\/code-de-mesurage\/#breadcrumb"},"inLanguage":"nl-NL","potentialAction":[{"@type":"ReadAction","target":["https:\/\/abex.be\/vente-en-ligne\/code-de-mesurage\/"]}]},{"@type":"ImageObject","inLanguage":"nl-NL","@id":"https:\/\/abex.be\/vente-en-ligne\/code-de-mesurage\/#primaryimage","url":"https:\/\/abex.be\/wp-content\/uploads\/2025\/03\/CMS-FR-cover.png","contentUrl":"https:\/\/abex.be\/wp-content\/uploads\/2025\/03\/CMS-FR-cover.png","width":379,"height":536},{"@type":"BreadcrumbList","@id":"https:\/\/abex.be\/vente-en-ligne\/code-de-mesurage\/#breadcrumb","itemListElement":[{"@type":"ListItem","position":1,"name":"Accueil","item":"https:\/\/abex.be\/"},{"@type":"ListItem","position":2,"name":"Shop","item":"https:\/\/abex.be\/vente-en-ligne\/"},{"@type":"ListItem","position":3,"name":"Code de mesurage"}]},{"@type":"WebSite","@id":"https:\/\/abex.be\/#website","url":"https:\/\/abex.be\/","name":"ABEX","description":"Belgische expertenvereniging - Vereniging van Belgische experten","publisher":{"@id":"https:\/\/abex.be\/#organization"},"potentialAction":[{"@type":"SearchAction","target":{"@type":"EntryPoint","urlTemplate":"https:\/\/abex.be\/?s={search_term_string}"},"query-input":{"@type":"PropertyValueSpecification","valueRequired":true,"valueName":"search_term_string"}}],"inLanguage":"nl-NL"},{"@type":"Organization","@id":"https:\/\/abex.be\/#organization","name":"Belgische expertenvereniging - Vereniging van Belgische experten","url":"https:\/\/abex.be\/","logo":{"@type":"ImageObject","inLanguage":"nl-NL","@id":"https:\/\/abex.be\/#\/schema\/logo\/image\/","url":"https:\/\/abex.be\/wp-content\/uploads\/2025\/07\/ABEX-old-logo-blue-281.png","contentUrl":"https:\/\/abex.be\/wp-content\/uploads\/2025\/07\/ABEX-old-logo-blue-281.png","width":1024,"height":1024,"caption":"Association belge des Experts - Associatie van Belgische experten"},"image":{"@id":"https:\/\/abex.be\/#\/schema\/logo\/image\/"},"sameAs":["https:\/\/www.linkedin.com\/company\/abex-up\/"]}]}},"_links":{"self":[{"href":"https:\/\/abex.be\/nl\/wp-json\/wp\/v2\/pages\/726","targetHints":{"allow":["GET"]}}],"collection":[{"href":"https:\/\/abex.be\/nl\/wp-json\/wp\/v2\/pages"}],"about":[{"href":"https:\/\/abex.be\/nl\/wp-json\/wp\/v2\/types\/page"}],"author":[{"embeddable":true,"href":"https:\/\/abex.be\/nl\/wp-json\/wp\/v2\/users\/1"}],"replies":[{"embeddable":true,"href":"https:\/\/abex.be\/nl\/wp-json\/wp\/v2\/comments?post=726"}],"version-history":[{"count":0,"href":"https:\/\/abex.be\/nl\/wp-json\/wp\/v2\/pages\/726\/revisions"}],"up":[{"embeddable":true,"href":"https:\/\/abex.be\/nl\/wp-json\/wp\/v2\/pages\/10"}],"wp:featuredmedia":[{"embeddable":true,"href":"https:\/\/abex.be\/nl\/wp-json\/wp\/v2\/media\/732"}],"wp:attachment":[{"href":"https:\/\/abex.be\/nl\/wp-json\/wp\/v2\/media?parent=726"}],"curies":[{"name":"wp","href":"https:\/\/api.w.org\/{rel}","templated":true}]}}