{"id":555,"date":"2025-03-27T14:24:42","date_gmt":"2025-03-27T13:24:42","guid":{"rendered":"https:\/\/abex.be\/?page_id=555"},"modified":"2025-09-03T12:04:43","modified_gmt":"2025-09-03T10:04:43","slug":"partnerschappen","status":"publish","type":"page","link":"https:\/\/abex.be\/nl\/l-abex\/partenariats\/","title":{"rendered":"Partnerschappen"},"content":{"rendered":"<div class=\"wpb-content-wrapper\"><div class=\"vc_row wpb_row vc_row-fluid layer dt-default\" style=\"margin-top: -45px;margin-bottom: 0px\"><div class=\"layer wpb_column vc_column_container vc_col-sm-6\"><div class=\"vc_column-inner\"><div class=\"wpb_wrapper\">\n\t<div class=\"wpb_text_column wpb_content_element  vc_custom_1755249179127 layerlogo\" >\n\t\t<div class=\"wpb_wrapper\">\n\t\t\t<h1>Partnerschappen<\/h1>\n\n\t\t<\/div>\n\t<\/div>\n<\/div><\/div><\/div><div class=\"wpb_column vc_column_container vc_col-sm-6\"><div class=\"vc_column-inner\"><div class=\"wpb_wrapper\"><\/div><\/div><\/div><\/div><div class=\"stripe stripe-style-1\" style=\"background-position: top;background-repeat: no-repeat;background-attachment: scroll;background-size: auto;padding-top: 0px;padding-bottom: 0px;margin-top: 0px;margin-bottom: 0px\"><div class=\"vc_row wpb_row vc_row-fluid\" style=\"\"><div class=\"wpb_column vc_column_container vc_col-sm-12\"><div class=\"vc_column-inner vc_custom_1743087840424\"><div class=\"wpb_wrapper\">\n\t<div class=\"wpb_text_column wpb_content_element\" >\n\t\t<div class=\"wpb_wrapper\">\n\t\t\t<h3>ABEX is lid van de volgende verenigingen:<\/h3>\n\n\t\t<\/div>\n\t<\/div>\n<div class=\"vc_separator wpb_content_element vc_separator_align_center vc_sep_width_20 vc_sep_border_width_2 vc_sep_pos_align_left vc_separator_no_text vc_sep_color_black wpb_content_element  wpb_content_element\" ><span class=\"vc_sep_holder vc_sep_holder_l\"><span class=\"vc_sep_line\"><\/span><\/span><span class=\"vc_sep_holder vc_sep_holder_r\"><span class=\"vc_sep_line\"><\/span><\/span>\n<\/div><div class=\"vc_row wpb_row vc_inner vc_row-fluid vc_column-gap-30\"><div class=\"wpb_column vc_column_container vc_col-sm-4\"><div class=\"vc_column-inner\"><div class=\"wpb_wrapper\">\n\t<div  class=\"wpb_single_image wpb_content_element vc_align_center  vc_custom_1743143000080  border-img\">\n\t\t\n\t\t<figure class=\"wpb_wrapper vc_figure\">\n\t\t\t<div class=\"vc_single_image-wrapper   vc_box_border_grey\"><img decoding=\"async\" class=\"vc_single_image-img\" src=\"https:\/\/abex.be\/wp-content\/uploads\/2025\/03\/FEBEX-1-250x250.webp\" width=\"250\" height=\"250\" alt=\"FEBEX\" title=\"FEBEX\"  data-dt-location=\"https:\/\/abex.be\/nl\/l-abex\/partenariats\/febex-2\/\" \/><\/div>\n\t\t<\/figure>\n\t<\/div>\n\n\t<div class=\"wpb_text_column wpb_content_element  vc_custom_1743143386171\" >\n\t\t<div class=\"wpb_wrapper\">\n\t\t\t<p style=\"text-align: center;\">HRZKMO \u2013 De Hoge Raad voor de Zelfstandigen en de KMO<\/p>\n\n\t\t<\/div>\n\t<\/div>\n<style type=\"text\/css\" data-type=\"the7_shortcodes-inline-css\">#default-btn-4c329b9272447858e8fdd9d3a5e15d3b {\n  font-size: 14px;\n  line-height: 16px;\n  font-weight: bold;\n  padding: 4px 0px 4px 0px;\n}\n#default-btn-4c329b9272447858e8fdd9d3a5e15d3b.ico-right-side > i {\n  margin-right: 0px;\n  margin-left: 8px;\n}\n#default-btn-4c329b9272447858e8fdd9d3a5e15d3b:after {\n  height: 2px;\n}\n#default-btn-4c329b9272447858e8fdd9d3a5e15d3b > i {\n  margin-right: 8px;\n  font-size: 11px;\n}\n#default-btn-4c329b9272447858e8fdd9d3a5e15d3b.ico-right-side > i {\n  margin-right: 0px;\n  margin-left: 8px;\n}\n#default-btn-4c329b9272447858e8fdd9d3a5e15d3b > i {\n  margin-right: 8px;\n}<\/style><div class=\"btn-align-center\"><a href=\"https:\/\/febex.be\/fr\" class=\"default-btn-shortcode dt-btn-link link-hover-off upwards-line\" target=\"_blank\" id=\"default-btn-4c329b9272447858e8fdd9d3a5e15d3b\" rel=\"noopener\"><span>Meer informatie<\/span><\/a><\/div><\/div><\/div><\/div><div class=\"wpb_column vc_column_container vc_col-sm-4\"><div class=\"vc_column-inner\"><div class=\"wpb_wrapper\">\n\t<div  class=\"wpb_single_image wpb_content_element vc_align_center  vc_custom_1743143121397  border-img\">\n\t\t\n\t\t<figure class=\"wpb_wrapper vc_figure\">\n\t\t\t<div class=\"vc_single_image-wrapper   vc_box_border_grey\"><img decoding=\"async\" class=\"vc_single_image-img\" src=\"https:\/\/abex.be\/wp-content\/uploads\/2025\/03\/CSIPME-250x250.webp\" width=\"250\" height=\"250\" alt=\"CSIPME\" title=\"CSIPME\"  data-dt-location=\"https:\/\/abex.be\/nl\/l-abex\/partenariats\/csipme\/\" \/><\/div>\n\t\t<\/figure>\n\t<\/div>\n\n\t<div class=\"wpb_text_column wpb_content_element  vc_custom_1743143454036\" >\n\t\t<div class=\"wpb_wrapper\">\n\t\t\t<p style=\"text-align: center;\">\u00a0CSIPME - Hoge Raad voor Zelfstandigen en KMO's<br \/>\nDe CSIPME is een adviesorgaan dat rapporteert aan de Federale Overheidsdienst Middenstand.<\/p>\n\n\t\t<\/div>\n\t<\/div>\n<style type=\"text\/css\" data-type=\"the7_shortcodes-inline-css\">#default-btn-773858ad92bc0b67515a703a20178ab6 {\n  font-size: 14px;\n  line-height: 16px;\n  font-weight: bold;\n  padding: 4px 0px 4px 0px;\n}\n#default-btn-773858ad92bc0b67515a703a20178ab6.ico-right-side > i {\n  margin-right: 0px;\n  margin-left: 8px;\n}\n#default-btn-773858ad92bc0b67515a703a20178ab6:after {\n  height: 2px;\n}\n#default-btn-773858ad92bc0b67515a703a20178ab6 > i {\n  margin-right: 8px;\n  font-size: 11px;\n}\n#default-btn-773858ad92bc0b67515a703a20178ab6.ico-right-side > i {\n  margin-right: 0px;\n  margin-left: 8px;\n}\n#default-btn-773858ad92bc0b67515a703a20178ab6 > i {\n  margin-right: 8px;\n}<\/style><div class=\"btn-align-center\"><a href=\"https:\/\/www.csipme.fgov.be\/\" class=\"default-btn-shortcode dt-btn-link link-hover-off upwards-line\" target=\"_blank\" id=\"default-btn-773858ad92bc0b67515a703a20178ab6\" rel=\"noopener\"><span>Meer informatie<\/span><\/a><\/div><\/div><\/div><\/div><div class=\"wpb_column vc_column_container vc_col-sm-4\"><div class=\"vc_column-inner\"><div class=\"wpb_wrapper\">\n\t<div  class=\"wpb_single_image wpb_content_element vc_align_center  vc_custom_1743143128103  border-img\">\n\t\t\n\t\t<figure class=\"wpb_wrapper vc_figure\">\n\t\t\t<div class=\"vc_single_image-wrapper   vc_box_border_grey\"><img decoding=\"async\" class=\"vc_single_image-img\" src=\"https:\/\/abex.be\/wp-content\/uploads\/2025\/03\/Euroexpert-250x250.webp\" width=\"250\" height=\"250\" alt=\"Euro-expert\" title=\"Euro-expert\"  data-dt-location=\"https:\/\/abex.be\/nl\/l-abex\/partenariats\/euroexpert\/\" \/><\/div>\n\t\t<\/figure>\n\t<\/div>\n\n\t<div class=\"wpb_text_column wpb_content_element  vc_custom_1743143467956\" >\n\t\t<div class=\"wpb_wrapper\">\n\t\t\t<p style=\"text-align: center;\">EuroExpert - The Organisation for European Expert Associations<\/p>\n\n\t\t<\/div>\n\t<\/div>\n<style type=\"text\/css\" data-type=\"the7_shortcodes-inline-css\">#default-btn-c33aaa224579c5e0df28190f567a15f4 {\n  font-size: 14px;\n  line-height: 16px;\n  font-weight: bold;\n  padding: 4px 0px 4px 0px;\n}\n#default-btn-c33aaa224579c5e0df28190f567a15f4.ico-right-side > i {\n  margin-right: 0px;\n  margin-left: 8px;\n}\n#default-btn-c33aaa224579c5e0df28190f567a15f4:after {\n  height: 2px;\n}\n#default-btn-c33aaa224579c5e0df28190f567a15f4 > i {\n  margin-right: 8px;\n  font-size: 11px;\n}\n#default-btn-c33aaa224579c5e0df28190f567a15f4.ico-right-side > i {\n  margin-right: 0px;\n  margin-left: 8px;\n}\n#default-btn-c33aaa224579c5e0df28190f567a15f4 > i {\n  margin-right: 8px;\n}<\/style><div class=\"btn-align-center\"><a href=\"https:\/\/euroexpert.org\/\" class=\"default-btn-shortcode dt-btn-link link-hover-off upwards-line\" target=\"_blank\" id=\"default-btn-c33aaa224579c5e0df28190f567a15f4\" rel=\"noopener\"><span>Meer informatie<\/span><\/a><\/div><\/div><\/div><\/div><\/div><\/div><\/div><\/div><\/div><\/div>\n<\/div>","protected":false},"excerpt":{"rendered":"<p>Partenariats L\u2019ABEX est membre des associations suivantes : FEBEX- F\u00e9d\u00e9ration Belge des associations d\u2019experts \u00a0CSIPME \u2013 Conseil Sup\u00e9rieur des Ind\u00e9pendants et PME Le CSIPME est un organe consultatif d\u00e9pendant du Service Public F\u00e9d\u00e9ral des Classes Moyennes. EuroExpert &#8211; The Organisation for European Expert Associations<\/p>","protected":false},"author":1,"featured_media":924,"parent":108,"menu_order":0,"comment_status":"closed","ping_status":"closed","template":"","meta":{"footnotes":""},"class_list":["post-555","page","type-page","status-publish","has-post-thumbnail","hentry","description-off"],"yoast_head":"<!-- This site is optimized with the Yoast SEO plugin v27.4 - https:\/\/yoast.com\/product\/yoast-seo-wordpress\/ -->\n<title>Partenariats et affiliations de l&#039;ABEX<\/title>\n<meta name=\"description\" content=\"L\u2019ABEX est membre de la FEBEX, du CSIPME et d\u2019EuroExpert, contribuant ainsi \u00e0 l\u2019\u00e9volution de l\u2019expertise technique et judiciaire en Belgique et en Europe.\" \/>\n<meta name=\"robots\" content=\"index, follow, max-snippet:-1, max-image-preview:large, max-video-preview:-1\" \/>\n<link rel=\"canonical\" href=\"https:\/\/abex.be\/nl\/de-abex\/partnerschappen\/\" \/>\n<meta property=\"og:locale\" content=\"nl_NL\" \/>\n<meta property=\"og:type\" content=\"article\" \/>\n<meta property=\"og:title\" content=\"Partenariats et affiliations de l\u2019ABEX\" \/>\n<meta property=\"og:description\" content=\"L\u2019ABEX est membre de la FEBEX, du CSIPME et d\u2019EuroExpert, contribuant ainsi \u00e0 l\u2019\u00e9volution de l\u2019expertise technique et judiciaire en Belgique et en Europe.\" \/>\n<meta property=\"og:url\" content=\"https:\/\/abex.be\/nl\/de-abex\/partnerschappen\/\" \/>\n<meta property=\"og:site_name\" content=\"ABEX\" \/>\n<meta property=\"article:modified_time\" content=\"2025-09-03T10:04:43+00:00\" \/>\n<meta property=\"og:image\" content=\"https:\/\/abex.be\/wp-content\/uploads\/2025\/06\/AdobeStock_308752962-scaled.jpeg\" \/>\n\t<meta property=\"og:image:width\" content=\"2560\" \/>\n\t<meta property=\"og:image:height\" content=\"1707\" \/>\n\t<meta property=\"og:image:type\" content=\"image\/jpeg\" \/>\n<meta name=\"twitter:card\" content=\"summary_large_image\" \/>\n<meta name=\"twitter:title\" content=\"Partenariats et affiliations de l\u2019ABEX\" \/>\n<meta name=\"twitter:description\" content=\"L\u2019ABEX est membre de la FEBEX, du CSIPME et d\u2019EuroExpert, contribuant ainsi \u00e0 l\u2019\u00e9volution de l\u2019expertise technique et judiciaire en Belgique et en Europe.\" \/>\n<meta name=\"twitter:image\" content=\"https:\/\/abex.be\/wp-content\/uploads\/2025\/06\/AdobeStock_308752962-scaled.jpeg\" \/>\n<meta name=\"twitter:label1\" content=\"Geschatte leestijd\" \/>\n\t<meta name=\"twitter:data1\" content=\"1 minuut\" \/>\n<script type=\"application\/ld+json\" class=\"yoast-schema-graph\">{\"@context\":\"https:\\\/\\\/schema.org\",\"@graph\":[{\"@type\":\"WebPage\",\"@id\":\"https:\\\/\\\/abex.be\\\/l-abex\\\/partenariats\\\/\",\"url\":\"https:\\\/\\\/abex.be\\\/l-abex\\\/partenariats\\\/\",\"name\":\"Partenariats et affiliations de l'ABEX\",\"isPartOf\":{\"@id\":\"https:\\\/\\\/abex.be\\\/#website\"},\"primaryImageOfPage\":{\"@id\":\"https:\\\/\\\/abex.be\\\/l-abex\\\/partenariats\\\/#primaryimage\"},\"image\":{\"@id\":\"https:\\\/\\\/abex.be\\\/l-abex\\\/partenariats\\\/#primaryimage\"},\"thumbnailUrl\":\"https:\\\/\\\/abex.be\\\/wp-content\\\/uploads\\\/2025\\\/06\\\/AdobeStock_308752962-scaled.jpeg\",\"datePublished\":\"2025-03-27T13:24:42+00:00\",\"dateModified\":\"2025-09-03T10:04:43+00:00\",\"description\":\"L\u2019ABEX est membre de la FEBEX, du CSIPME et d\u2019EuroExpert, contribuant ainsi \u00e0 l\u2019\u00e9volution de l\u2019expertise technique et judiciaire en Belgique et en Europe.\",\"breadcrumb\":{\"@id\":\"https:\\\/\\\/abex.be\\\/l-abex\\\/partenariats\\\/#breadcrumb\"},\"inLanguage\":\"nl-NL\",\"potentialAction\":[{\"@type\":\"ReadAction\",\"target\":[\"https:\\\/\\\/abex.be\\\/l-abex\\\/partenariats\\\/\"]}]},{\"@type\":\"ImageObject\",\"inLanguage\":\"nl-NL\",\"@id\":\"https:\\\/\\\/abex.be\\\/l-abex\\\/partenariats\\\/#primaryimage\",\"url\":\"https:\\\/\\\/abex.be\\\/wp-content\\\/uploads\\\/2025\\\/06\\\/AdobeStock_308752962-scaled.jpeg\",\"contentUrl\":\"https:\\\/\\\/abex.be\\\/wp-content\\\/uploads\\\/2025\\\/06\\\/AdobeStock_308752962-scaled.jpeg\",\"width\":2560,\"height\":1707,\"caption\":\"Diverse group of businesspeople laughing while discussing paperwork together during a meeting around a table in a modern office\"},{\"@type\":\"BreadcrumbList\",\"@id\":\"https:\\\/\\\/abex.be\\\/l-abex\\\/partenariats\\\/#breadcrumb\",\"itemListElement\":[{\"@type\":\"ListItem\",\"position\":1,\"name\":\"Accueil\",\"item\":\"https:\\\/\\\/abex.be\\\/\"},{\"@type\":\"ListItem\",\"position\":2,\"name\":\"L&rsquo;Abex\",\"item\":\"https:\\\/\\\/abex.be\\\/nl\\\/de-abex\\\/\"},{\"@type\":\"ListItem\",\"position\":3,\"name\":\"Partenariats\"}]},{\"@type\":\"WebSite\",\"@id\":\"https:\\\/\\\/abex.be\\\/#website\",\"url\":\"https:\\\/\\\/abex.be\\\/\",\"name\":\"ABEX\",\"description\":\"Association belge des Experts - Associatie van Belgische experten\",\"publisher\":{\"@id\":\"https:\\\/\\\/abex.be\\\/#organization\"},\"potentialAction\":[{\"@type\":\"SearchAction\",\"target\":{\"@type\":\"EntryPoint\",\"urlTemplate\":\"https:\\\/\\\/abex.be\\\/?s={search_term_string}\"},\"query-input\":{\"@type\":\"PropertyValueSpecification\",\"valueRequired\":true,\"valueName\":\"search_term_string\"}}],\"inLanguage\":\"nl-NL\"},{\"@type\":\"Organization\",\"@id\":\"https:\\\/\\\/abex.be\\\/#organization\",\"name\":\"Association belge des Experts - Associatie van Belgische experten\",\"url\":\"https:\\\/\\\/abex.be\\\/\",\"logo\":{\"@type\":\"ImageObject\",\"inLanguage\":\"nl-NL\",\"@id\":\"https:\\\/\\\/abex.be\\\/#\\\/schema\\\/logo\\\/image\\\/\",\"url\":\"https:\\\/\\\/abex.be\\\/wp-content\\\/uploads\\\/2025\\\/07\\\/ABEX-old-logo-blue-281.png\",\"contentUrl\":\"https:\\\/\\\/abex.be\\\/wp-content\\\/uploads\\\/2025\\\/07\\\/ABEX-old-logo-blue-281.png\",\"width\":1024,\"height\":1024,\"caption\":\"Association belge des Experts - Associatie van Belgische experten\"},\"image\":{\"@id\":\"https:\\\/\\\/abex.be\\\/#\\\/schema\\\/logo\\\/image\\\/\"},\"sameAs\":[\"https:\\\/\\\/www.linkedin.com\\\/company\\\/abex-up\\\/\"]}]}<\/script>\n<!-- \/ Yoast SEO plugin. -->","yoast_head_json":{"title":"ABEX partnerschappen en affiliaties","description":"ABEX is lid van FEBEX, CSIPME en EuroExpert en draagt bij aan de ontwikkeling van technische en juridische expertise in Belgi\u00eb en Europa.","robots":{"index":"index","follow":"follow","max-snippet":"max-snippet:-1","max-image-preview":"max-image-preview:large","max-video-preview":"max-video-preview:-1"},"canonical":"https:\/\/abex.be\/nl\/de-abex\/partnerschappen\/","og_locale":"nl_NL","og_type":"article","og_title":"Partenariats et affiliations de l\u2019ABEX","og_description":"L\u2019ABEX est membre de la FEBEX, du CSIPME et d\u2019EuroExpert, contribuant ainsi \u00e0 l\u2019\u00e9volution de l\u2019expertise technique et judiciaire en Belgique et en Europe.","og_url":"https:\/\/abex.be\/nl\/de-abex\/partnerschappen\/","og_site_name":"ABEX","article_modified_time":"2025-09-03T10:04:43+00:00","og_image":[{"width":2560,"height":1707,"url":"https:\/\/abex.be\/wp-content\/uploads\/2025\/06\/AdobeStock_308752962-scaled.jpeg","type":"image\/jpeg"}],"twitter_card":"summary_large_image","twitter_title":"Partenariats et affiliations de l\u2019ABEX","twitter_description":"L\u2019ABEX est membre de la FEBEX, du CSIPME et d\u2019EuroExpert, contribuant ainsi \u00e0 l\u2019\u00e9volution de l\u2019expertise technique et judiciaire en Belgique et en Europe.","twitter_image":"https:\/\/abex.be\/wp-content\/uploads\/2025\/06\/AdobeStock_308752962-scaled.jpeg","twitter_misc":{"Geschatte leestijd":"1 minuut"},"schema":{"@context":"https:\/\/schema.org","@graph":[{"@type":"WebPage","@id":"https:\/\/abex.be\/l-abex\/partenariats\/","url":"https:\/\/abex.be\/l-abex\/partenariats\/","name":"ABEX partnerschappen en affiliaties","isPartOf":{"@id":"https:\/\/abex.be\/#website"},"primaryImageOfPage":{"@id":"https:\/\/abex.be\/l-abex\/partenariats\/#primaryimage"},"image":{"@id":"https:\/\/abex.be\/l-abex\/partenariats\/#primaryimage"},"thumbnailUrl":"https:\/\/abex.be\/wp-content\/uploads\/2025\/06\/AdobeStock_308752962-scaled.jpeg","datePublished":"2025-03-27T13:24:42+00:00","dateModified":"2025-09-03T10:04:43+00:00","description":"ABEX is lid van FEBEX, CSIPME en EuroExpert en draagt bij aan de ontwikkeling van technische en juridische expertise in Belgi\u00eb en Europa.","breadcrumb":{"@id":"https:\/\/abex.be\/l-abex\/partenariats\/#breadcrumb"},"inLanguage":"nl-NL","potentialAction":[{"@type":"ReadAction","target":["https:\/\/abex.be\/l-abex\/partenariats\/"]}]},{"@type":"ImageObject","inLanguage":"nl-NL","@id":"https:\/\/abex.be\/l-abex\/partenariats\/#primaryimage","url":"https:\/\/abex.be\/wp-content\/uploads\/2025\/06\/AdobeStock_308752962-scaled.jpeg","contentUrl":"https:\/\/abex.be\/wp-content\/uploads\/2025\/06\/AdobeStock_308752962-scaled.jpeg","width":2560,"height":1707,"caption":"Diverse group of businesspeople laughing while discussing paperwork together during a meeting around a table in a modern office"},{"@type":"BreadcrumbList","@id":"https:\/\/abex.be\/l-abex\/partenariats\/#breadcrumb","itemListElement":[{"@type":"ListItem","position":1,"name":"Accueil","item":"https:\/\/abex.be\/"},{"@type":"ListItem","position":2,"name":"L&rsquo;Abex","item":"https:\/\/abex.be\/nl\/de-abex\/"},{"@type":"ListItem","position":3,"name":"Partenariats"}]},{"@type":"WebSite","@id":"https:\/\/abex.be\/#website","url":"https:\/\/abex.be\/","name":"ABEX","description":"Belgische expertenvereniging - Vereniging van Belgische experten","publisher":{"@id":"https:\/\/abex.be\/#organization"},"potentialAction":[{"@type":"SearchAction","target":{"@type":"EntryPoint","urlTemplate":"https:\/\/abex.be\/?s={search_term_string}"},"query-input":{"@type":"PropertyValueSpecification","valueRequired":true,"valueName":"search_term_string"}}],"inLanguage":"nl-NL"},{"@type":"Organization","@id":"https:\/\/abex.be\/#organization","name":"Belgische expertenvereniging - Vereniging van Belgische experten","url":"https:\/\/abex.be\/","logo":{"@type":"ImageObject","inLanguage":"nl-NL","@id":"https:\/\/abex.be\/#\/schema\/logo\/image\/","url":"https:\/\/abex.be\/wp-content\/uploads\/2025\/07\/ABEX-old-logo-blue-281.png","contentUrl":"https:\/\/abex.be\/wp-content\/uploads\/2025\/07\/ABEX-old-logo-blue-281.png","width":1024,"height":1024,"caption":"Association belge des Experts - Associatie van Belgische experten"},"image":{"@id":"https:\/\/abex.be\/#\/schema\/logo\/image\/"},"sameAs":["https:\/\/www.linkedin.com\/company\/abex-up\/"]}]}},"_links":{"self":[{"href":"https:\/\/abex.be\/nl\/wp-json\/wp\/v2\/pages\/555","targetHints":{"allow":["GET"]}}],"collection":[{"href":"https:\/\/abex.be\/nl\/wp-json\/wp\/v2\/pages"}],"about":[{"href":"https:\/\/abex.be\/nl\/wp-json\/wp\/v2\/types\/page"}],"author":[{"embeddable":true,"href":"https:\/\/abex.be\/nl\/wp-json\/wp\/v2\/users\/1"}],"replies":[{"embeddable":true,"href":"https:\/\/abex.be\/nl\/wp-json\/wp\/v2\/comments?post=555"}],"version-history":[{"count":0,"href":"https:\/\/abex.be\/nl\/wp-json\/wp\/v2\/pages\/555\/revisions"}],"up":[{"embeddable":true,"href":"https:\/\/abex.be\/nl\/wp-json\/wp\/v2\/pages\/108"}],"wp:featuredmedia":[{"embeddable":true,"href":"https:\/\/abex.be\/nl\/wp-json\/wp\/v2\/media\/924"}],"wp:attachment":[{"href":"https:\/\/abex.be\/nl\/wp-json\/wp\/v2\/media?parent=555"}],"curies":[{"name":"wp","href":"https:\/\/api.w.org\/{rel}","templated":true}]}}