{"id":2026,"date":"2026-04-21T15:45:51","date_gmt":"2026-04-21T13:45:51","guid":{"rendered":"https:\/\/abex.be\/?post_type=product&#038;p=2026"},"modified":"2026-04-23T11:29:45","modified_gmt":"2026-04-23T09:29:45","slug":"visite-du-bryc","status":"publish","type":"product","link":"https:\/\/abex.be\/en\/catalogue\/visite-du-bryc\/","title":{"rendered":"Visite du BRYC le 28 mai 2026"},"content":{"rendered":"<div class=\"wpb-content-wrapper\"><div class=\"vc_row wpb_row vc_row-fluid dt-default\" style=\"margin-top: 0px;margin-bottom: 0px\"><div class=\"wpb_column vc_column_container vc_col-sm-12\"><div class=\"vc_column-inner\"><div class=\"wpb_wrapper\">\n\t<div class=\"wpb_text_column wpb_content_element\" >\n\t\t<div class=\"wpb_wrapper\">\n\t\t\t<p id=\"isPasted\" class=\"default\"><strong>Visite exceptionnelle du<\/strong> <strong>BRUXELLES ROYAL YACHT CLUB &#8211; le 28\/05\/2026<\/strong><\/p>\n<p class=\"default\">Cette rencontre constituera une opportunit\u00e9 privil\u00e9gi\u00e9e de d\u00e9couvrir les sp\u00e9cificit\u00e9s de l\u2019expertise des bateaux de plaisance, sous la conduite de notre membre Monsieur Pascal Barbier, expert en la mati\u00e8re.<\/p>\n<p><strong>Programme :<\/strong><\/p>\n<ul data-start=\"263\" data-end=\"683\">\n<li data-section-id=\"xxpis4\" data-start=\"263\" data-end=\"303\"><strong data-start=\"265\" data-end=\"274\">16h30<\/strong> : Accueil des participants<\/li>\n<li data-section-id=\"1860rzq\" data-start=\"304\" data-end=\"408\"><strong data-start=\"306\" data-end=\"315\">17h00<\/strong> : Visite du port de plaisance, du chantier naval et de l\u2019atelier de fabrication des voiles suivi d&rsquo;un expos\u00e9 juridique : <em data-start=\"448\" data-end=\"507\">\u00ab S\u2019aborder sans s\u2019empoigner : le RIPAM et la plaisance \u00bb<\/em> par Ma\u00eetre Didier Putzeys, Commodore du BRYC et avocat ainsi qu&rsquo;un expos\u00e9 technique sur \u00ab\u00a0<em data-start=\"567\" data-end=\"634\">Les sinistres en mati\u00e8re de bateaux de plaisance vus par l\u2019expert\u00a0\u00bb\u00a0<\/em>par Pascal Barbier<\/li>\n<li data-section-id=\"1dfe6ne\" data-start=\"637\" data-end=\"661\"><strong data-start=\"639\" data-end=\"648\">19h00<\/strong> : Ap\u00e9ritif<\/li>\n<li data-section-id=\"1bee89w\" data-start=\"662\" data-end=\"683\"><strong data-start=\"664\" data-end=\"673\">19h30<\/strong> : Repas au clubhouse<\/li>\n<\/ul>\n<p>Cette visite sera une occasion unique de d\u00e9couvrir les coulisses du monde nautique dans une atmosph\u00e8re chaleureuse.<\/p>\n<p>Une participation de 50,00\u20ac par personne est demand\u00e9e afin de couvrir les frais du repas (menu 3 services boissons comprises).<\/p>\n<p><strong>En option<\/strong> de 15 \u00e0 16h30, une promenade en bateau sur le canal de Bruxelles \u00e0 bord d\u2019un ancien remorqueur viendra compl\u00e9ter agr\u00e9ablement cette exp\u00e9rience au prix de 20,00\u20ac.<\/p>\n<p>Parking priv\u00e9 et gratuit \u00e0 disposition.<\/p>\n<p>Ouvert aux membres et conjoint.<\/p>\n\n\t\t<\/div>\n\t<\/div>\n<\/div><\/div><\/div><\/div>\n<\/div>","protected":false},"excerpt":{"rendered":"<p>Visite exceptionnelle du BRUXELLES ROYAL YACHT CLUB &#8211; le 28\/05\/2026 Cette rencontre constituera une opportunit\u00e9 privil\u00e9gi\u00e9e de d\u00e9couvrir les sp\u00e9cificit\u00e9s de l\u2019expertise des bateaux de plaisance, sous la conduite de notre membre Monsieur Pascal Barbier, expert en la mati\u00e8re. Programme : 16h30 : Accueil des participants 17h00 : Visite du port de plaisance, du chantier&hellip;<\/p>","protected":false},"featured_media":2029,"template":"","meta":[],"product_brand":[],"product_cat":[111],"product_tag":[],"class_list":{"0":"post-2026","1":"product","2":"type-product","3":"status-publish","4":"has-post-thumbnail","6":"product_cat-evenement","7":"description-off","9":"first","10":"instock","11":"taxable","12":"shipping-taxable","13":"purchasable","14":"product-type-variable"},"yoast_head":"<!-- This site is optimized with the Yoast SEO plugin v27.4 - https:\/\/yoast.com\/product\/yoast-seo-wordpress\/ -->\n<title>Visite du BRYC le 28 mai 2026 - ABEX<\/title>\n<meta name=\"robots\" content=\"index, follow, max-snippet:-1, max-image-preview:large, max-video-preview:-1\" \/>\n<link rel=\"canonical\" href=\"https:\/\/abex.be\/en\/catalog\/visite-du-bryc\/\" \/>\n<meta property=\"og:locale\" content=\"en_GB\" \/>\n<meta property=\"og:type\" content=\"article\" \/>\n<meta property=\"og:title\" content=\"Visite du BRYC le 28 mai 2026 - ABEX\" \/>\n<meta property=\"og:url\" content=\"https:\/\/abex.be\/en\/catalog\/visite-du-bryc\/\" \/>\n<meta property=\"og:site_name\" content=\"ABEX\" \/>\n<meta property=\"article:modified_time\" content=\"2026-04-23T09:29:45+00:00\" \/>\n<meta property=\"og:image\" content=\"https:\/\/abex.be\/wp-content\/uploads\/2026\/04\/MTSchatt-Port-Clubhouse-17__R6_7932-scaled.jpg\" \/>\n\t<meta property=\"og:image:width\" content=\"2560\" \/>\n\t<meta property=\"og:image:height\" content=\"1707\" \/>\n\t<meta property=\"og:image:type\" content=\"image\/jpeg\" \/>\n<meta name=\"twitter:card\" content=\"summary_large_image\" \/>\n<meta name=\"twitter:label1\" content=\"Estimated reading time\" \/>\n\t<meta name=\"twitter:data1\" content=\"2 minutes\" \/>\n<script type=\"application\/ld+json\" class=\"yoast-schema-graph\">{\"@context\":\"https:\\\/\\\/schema.org\",\"@graph\":[{\"@type\":\"WebPage\",\"@id\":\"https:\\\/\\\/abex.be\\\/catalogue\\\/visite-du-bryc\\\/\",\"url\":\"https:\\\/\\\/abex.be\\\/catalogue\\\/visite-du-bryc\\\/\",\"name\":\"Visite du BRYC le 28 mai 2026 - ABEX\",\"isPartOf\":{\"@id\":\"https:\\\/\\\/abex.be\\\/#website\"},\"primaryImageOfPage\":{\"@id\":\"https:\\\/\\\/abex.be\\\/catalogue\\\/visite-du-bryc\\\/#primaryimage\"},\"image\":{\"@id\":\"https:\\\/\\\/abex.be\\\/catalogue\\\/visite-du-bryc\\\/#primaryimage\"},\"thumbnailUrl\":\"https:\\\/\\\/abex.be\\\/wp-content\\\/uploads\\\/2026\\\/04\\\/MTSchatt-Port-Clubhouse-17__R6_7932-scaled.jpg\",\"datePublished\":\"2026-04-21T13:45:51+00:00\",\"dateModified\":\"2026-04-23T09:29:45+00:00\",\"breadcrumb\":{\"@id\":\"https:\\\/\\\/abex.be\\\/catalogue\\\/visite-du-bryc\\\/#breadcrumb\"},\"inLanguage\":\"en-GB\",\"potentialAction\":[{\"@type\":\"ReadAction\",\"target\":[\"https:\\\/\\\/abex.be\\\/catalogue\\\/visite-du-bryc\\\/\"]}]},{\"@type\":\"ImageObject\",\"inLanguage\":\"en-GB\",\"@id\":\"https:\\\/\\\/abex.be\\\/catalogue\\\/visite-du-bryc\\\/#primaryimage\",\"url\":\"https:\\\/\\\/abex.be\\\/wp-content\\\/uploads\\\/2026\\\/04\\\/MTSchatt-Port-Clubhouse-17__R6_7932-scaled.jpg\",\"contentUrl\":\"https:\\\/\\\/abex.be\\\/wp-content\\\/uploads\\\/2026\\\/04\\\/MTSchatt-Port-Clubhouse-17__R6_7932-scaled.jpg\",\"width\":2560,\"height\":1707},{\"@type\":\"BreadcrumbList\",\"@id\":\"https:\\\/\\\/abex.be\\\/catalogue\\\/visite-du-bryc\\\/#breadcrumb\",\"itemListElement\":[{\"@type\":\"ListItem\",\"position\":1,\"name\":\"Accueil\",\"item\":\"https:\\\/\\\/abex.be\\\/\"},{\"@type\":\"ListItem\",\"position\":2,\"name\":\"Shop\",\"item\":\"https:\\\/\\\/abex.be\\\/vente-en-ligne\\\/\"},{\"@type\":\"ListItem\",\"position\":3,\"name\":\"Visite du BRYC le 28 mai 2026\"}]},{\"@type\":\"WebSite\",\"@id\":\"https:\\\/\\\/abex.be\\\/#website\",\"url\":\"https:\\\/\\\/abex.be\\\/\",\"name\":\"ABEX\",\"description\":\"Association belge des Experts - Associatie van Belgische experten\",\"publisher\":{\"@id\":\"https:\\\/\\\/abex.be\\\/#organization\"},\"potentialAction\":[{\"@type\":\"SearchAction\",\"target\":{\"@type\":\"EntryPoint\",\"urlTemplate\":\"https:\\\/\\\/abex.be\\\/?s={search_term_string}\"},\"query-input\":{\"@type\":\"PropertyValueSpecification\",\"valueRequired\":true,\"valueName\":\"search_term_string\"}}],\"inLanguage\":\"en-GB\"},{\"@type\":\"Organization\",\"@id\":\"https:\\\/\\\/abex.be\\\/#organization\",\"name\":\"Association belge des Experts - Associatie van Belgische experten\",\"url\":\"https:\\\/\\\/abex.be\\\/\",\"logo\":{\"@type\":\"ImageObject\",\"inLanguage\":\"en-GB\",\"@id\":\"https:\\\/\\\/abex.be\\\/#\\\/schema\\\/logo\\\/image\\\/\",\"url\":\"https:\\\/\\\/abex.be\\\/wp-content\\\/uploads\\\/2025\\\/07\\\/ABEX-old-logo-blue-281.png\",\"contentUrl\":\"https:\\\/\\\/abex.be\\\/wp-content\\\/uploads\\\/2025\\\/07\\\/ABEX-old-logo-blue-281.png\",\"width\":1024,\"height\":1024,\"caption\":\"Association belge des Experts - Associatie van Belgische experten\"},\"image\":{\"@id\":\"https:\\\/\\\/abex.be\\\/#\\\/schema\\\/logo\\\/image\\\/\"},\"sameAs\":[\"https:\\\/\\\/www.linkedin.com\\\/company\\\/abex-up\\\/\"]}]}<\/script>\n<!-- \/ Yoast SEO plugin. -->","yoast_head_json":{"title":"Visite du BRYC le 28 mai 2026 - ABEX","robots":{"index":"index","follow":"follow","max-snippet":"max-snippet:-1","max-image-preview":"max-image-preview:large","max-video-preview":"max-video-preview:-1"},"canonical":"https:\/\/abex.be\/en\/catalog\/visite-du-bryc\/","og_locale":"en_GB","og_type":"article","og_title":"Visite du BRYC le 28 mai 2026 - ABEX","og_url":"https:\/\/abex.be\/en\/catalog\/visite-du-bryc\/","og_site_name":"ABEX","article_modified_time":"2026-04-23T09:29:45+00:00","og_image":[{"width":2560,"height":1707,"url":"https:\/\/abex.be\/wp-content\/uploads\/2026\/04\/MTSchatt-Port-Clubhouse-17__R6_7932-scaled.jpg","type":"image\/jpeg"}],"twitter_card":"summary_large_image","twitter_misc":{"Estimated reading time":"2 minutes"},"schema":{"@context":"https:\/\/schema.org","@graph":[{"@type":"WebPage","@id":"https:\/\/abex.be\/catalogue\/visite-du-bryc\/","url":"https:\/\/abex.be\/catalogue\/visite-du-bryc\/","name":"Visite du BRYC le 28 mai 2026 - ABEX","isPartOf":{"@id":"https:\/\/abex.be\/#website"},"primaryImageOfPage":{"@id":"https:\/\/abex.be\/catalogue\/visite-du-bryc\/#primaryimage"},"image":{"@id":"https:\/\/abex.be\/catalogue\/visite-du-bryc\/#primaryimage"},"thumbnailUrl":"https:\/\/abex.be\/wp-content\/uploads\/2026\/04\/MTSchatt-Port-Clubhouse-17__R6_7932-scaled.jpg","datePublished":"2026-04-21T13:45:51+00:00","dateModified":"2026-04-23T09:29:45+00:00","breadcrumb":{"@id":"https:\/\/abex.be\/catalogue\/visite-du-bryc\/#breadcrumb"},"inLanguage":"en-GB","potentialAction":[{"@type":"ReadAction","target":["https:\/\/abex.be\/catalogue\/visite-du-bryc\/"]}]},{"@type":"ImageObject","inLanguage":"en-GB","@id":"https:\/\/abex.be\/catalogue\/visite-du-bryc\/#primaryimage","url":"https:\/\/abex.be\/wp-content\/uploads\/2026\/04\/MTSchatt-Port-Clubhouse-17__R6_7932-scaled.jpg","contentUrl":"https:\/\/abex.be\/wp-content\/uploads\/2026\/04\/MTSchatt-Port-Clubhouse-17__R6_7932-scaled.jpg","width":2560,"height":1707},{"@type":"BreadcrumbList","@id":"https:\/\/abex.be\/catalogue\/visite-du-bryc\/#breadcrumb","itemListElement":[{"@type":"ListItem","position":1,"name":"Accueil","item":"https:\/\/abex.be\/"},{"@type":"ListItem","position":2,"name":"Shop","item":"https:\/\/abex.be\/vente-en-ligne\/"},{"@type":"ListItem","position":3,"name":"Visite du BRYC le 28 mai 2026"}]},{"@type":"WebSite","@id":"https:\/\/abex.be\/#website","url":"https:\/\/abex.be\/","name":"ABEX","description":"Association belge des Experts - Associatie van Belgische experten","publisher":{"@id":"https:\/\/abex.be\/#organization"},"potentialAction":[{"@type":"SearchAction","target":{"@type":"EntryPoint","urlTemplate":"https:\/\/abex.be\/?s={search_term_string}"},"query-input":{"@type":"PropertyValueSpecification","valueRequired":true,"valueName":"search_term_string"}}],"inLanguage":"en-GB"},{"@type":"Organization","@id":"https:\/\/abex.be\/#organization","name":"Association belge des Experts - Associatie van Belgische experten","url":"https:\/\/abex.be\/","logo":{"@type":"ImageObject","inLanguage":"en-GB","@id":"https:\/\/abex.be\/#\/schema\/logo\/image\/","url":"https:\/\/abex.be\/wp-content\/uploads\/2025\/07\/ABEX-old-logo-blue-281.png","contentUrl":"https:\/\/abex.be\/wp-content\/uploads\/2025\/07\/ABEX-old-logo-blue-281.png","width":1024,"height":1024,"caption":"Association belge des Experts - Associatie van Belgische experten"},"image":{"@id":"https:\/\/abex.be\/#\/schema\/logo\/image\/"},"sameAs":["https:\/\/www.linkedin.com\/company\/abex-up\/"]}]}},"_links":{"self":[{"href":"https:\/\/abex.be\/en\/wp-json\/wp\/v2\/product\/2026","targetHints":{"allow":["GET"]}}],"collection":[{"href":"https:\/\/abex.be\/en\/wp-json\/wp\/v2\/product"}],"about":[{"href":"https:\/\/abex.be\/en\/wp-json\/wp\/v2\/types\/product"}],"wp:featuredmedia":[{"embeddable":true,"href":"https:\/\/abex.be\/en\/wp-json\/wp\/v2\/media\/2029"}],"wp:attachment":[{"href":"https:\/\/abex.be\/en\/wp-json\/wp\/v2\/media?parent=2026"}],"wp:term":[{"taxonomy":"product_brand","embeddable":true,"href":"https:\/\/abex.be\/en\/wp-json\/wp\/v2\/product_brand?post=2026"},{"taxonomy":"product_cat","embeddable":true,"href":"https:\/\/abex.be\/en\/wp-json\/wp\/v2\/product_cat?post=2026"},{"taxonomy":"product_tag","embeddable":true,"href":"https:\/\/abex.be\/en\/wp-json\/wp\/v2\/product_tag?post=2026"}],"curies":[{"name":"wp","href":"https:\/\/api.w.org\/{rel}","templated":true}]}}