{"id":1349,"date":"2025-10-02T16:12:14","date_gmt":"2025-10-02T14:12:14","guid":{"rendered":"https:\/\/abex.be\/?post_type=product&#038;p=1349"},"modified":"2025-12-04T14:52:21","modified_gmt":"2025-12-04T13:52:21","slug":"lia-und-das-gerichtsgutachten","status":"publish","type":"product","link":"https:\/\/abex.be\/de\/catalogue\/lia-et-lexpertise-judiciaire\/","title":{"rendered":"Zweisprachiges Kolloquium - KI und gerichtliche Expertise: Rechtsrahmen in Belgien und Europa"},"content":{"rendered":"<div class=\"wpb-content-wrapper\"><div class=\"vc_row wpb_row vc_row-fluid dt-default\" style=\"margin-top: 0px;margin-bottom: 0px\"><div class=\"wpb_column vc_column_container vc_col-sm-12\"><div class=\"vc_column-inner\"><div class=\"wpb_wrapper\">\n\t<div  class=\"wpb_single_image wpb_content_element vc_align_center\">\n\t\t\n\t\t<figure class=\"wpb_wrapper vc_figure\">\n\t\t\t<div class=\"vc_single_image-wrapper   vc_box_border_grey\"><img decoding=\"async\" width=\"724\" height=\"1024\" src=\"https:\/\/abex.be\/wp-content\/uploads\/2025\/10\/ABEX-Colloque-AI_Invitation_FR_10-pdf-724x1024.jpg\" class=\"vc_single_image-img attachment-large\" alt=\"\" title=\"ABEX-Kolloquium AI_Einladung_DE_10\"  data-dt-location=\"https:\/\/abex.be\/de\/?attachment_id=1623\" \/><\/div>\n\t\t<\/figure>\n\t<\/div>\n<\/div><\/div><\/div><\/div><div class=\"vc_row wpb_row vc_row-fluid dt-default\" style=\"margin-top: 0px;margin-bottom: 0px\"><div class=\"wpb_column vc_column_container vc_col-sm-12\"><div class=\"vc_column-inner\"><div class=\"wpb_wrapper\">\n\t<div  class=\"wpb_single_image wpb_content_element vc_align_center\">\n\t\t\n\t\t<figure class=\"wpb_wrapper vc_figure\">\n\t\t\t<div class=\"vc_single_image-wrapper   vc_box_border_grey\"><img decoding=\"async\" width=\"724\" height=\"1024\" src=\"https:\/\/abex.be\/wp-content\/uploads\/2025\/10\/invit-p2-pdf-724x1024.jpg\" class=\"vc_single_image-img attachment-large\" alt=\"\" title=\"invit p2\"  data-dt-location=\"https:\/\/abex.be\/de\/?attachment_id=1624\" \/><\/div>\n\t\t<\/figure>\n\t<\/div>\n<\/div><\/div><\/div><\/div>\n<\/div>","protected":false},"excerpt":{"rendered":"<p>Zweisprachiges Kolloquium Franz\u00f6sisch-Niederl\u00e4ndisch - Simultan\u00fcbersetzung w\u00e4hrend des gesamten Tages gew\u00e4hrleistet.<\/p>","protected":false},"featured_media":1394,"template":"","meta":[],"product_brand":[],"product_cat":[111],"product_tag":[],"class_list":{"0":"post-1349","1":"product","2":"type-product","3":"status-publish","4":"has-post-thumbnail","6":"product_cat-evenement","7":"description-off","9":"first","10":"instock","11":"downloadable","12":"virtual","13":"sold-individually","14":"taxable","15":"purchasable","16":"product-type-simple"},"yoast_head":"<!-- This site is optimized with the Yoast SEO plugin v27.4 - https:\/\/yoast.com\/product\/yoast-seo-wordpress\/ -->\n<title>Colloque bilingue - L&#039;IA et l&#039;expertise judiciaire : cadre l\u00e9gal en Belgique et en Europe - ABEX<\/title>\n<meta name=\"description\" content=\"Participez au colloque ABEX sur l\u2019usage de l\u2019intelligence artificielle dans l\u2019expertise judiciaire. D\u00e9couvrez les cadres l\u00e9gal et pratique en Belgique et en Europe, les limites juridiques et les perspectives \u00e9thiques de l\u2019IA, en pr\u00e9sence d\u2019experts, de juristes et d\u2019universitaires.\" \/>\n<meta name=\"robots\" content=\"index, follow, max-snippet:-1, max-image-preview:large, max-video-preview:-1\" \/>\n<link rel=\"canonical\" href=\"https:\/\/abex.be\/de\/katalog\/lia-und-das-gerichtsgutachten\/\" \/>\n<meta property=\"og:locale\" content=\"de_DE\" \/>\n<meta property=\"og:type\" content=\"article\" \/>\n<meta property=\"og:title\" content=\"Colloque bilingue - L&#039;IA et l&#039;expertise judiciaire : cadre l\u00e9gal en Belgique et en Europe - ABEX\" \/>\n<meta property=\"og:description\" content=\"Participez au colloque ABEX sur l\u2019usage de l\u2019intelligence artificielle dans l\u2019expertise judiciaire. D\u00e9couvrez les cadres l\u00e9gal et pratique en Belgique et en Europe, les limites juridiques et les perspectives \u00e9thiques de l\u2019IA, en pr\u00e9sence d\u2019experts, de juristes et d\u2019universitaires.\" \/>\n<meta property=\"og:url\" content=\"https:\/\/abex.be\/de\/katalog\/lia-und-das-gerichtsgutachten\/\" \/>\n<meta property=\"og:site_name\" content=\"ABEX\" \/>\n<meta property=\"article:modified_time\" content=\"2025-12-04T13:52:21+00:00\" \/>\n<meta property=\"og:image\" content=\"https:\/\/abex.be\/wp-content\/uploads\/2025\/10\/ABEX-colloque-AI_300x175_visu.png\" \/>\n\t<meta property=\"og:image:width\" content=\"300\" \/>\n\t<meta property=\"og:image:height\" content=\"175\" \/>\n\t<meta property=\"og:image:type\" content=\"image\/png\" \/>\n<meta name=\"twitter:card\" content=\"summary_large_image\" \/>\n<meta name=\"twitter:label1\" content=\"Gesch\u00e4tzte Lesezeit\" \/>\n\t<meta name=\"twitter:data1\" content=\"1\u00a0Minute\" \/>\n<script type=\"application\/ld+json\" class=\"yoast-schema-graph\">{\"@context\":\"https:\\\/\\\/schema.org\",\"@graph\":[{\"@type\":\"WebPage\",\"@id\":\"https:\\\/\\\/abex.be\\\/catalogue\\\/lia-et-lexpertise-judiciaire\\\/\",\"url\":\"https:\\\/\\\/abex.be\\\/catalogue\\\/lia-et-lexpertise-judiciaire\\\/\",\"name\":\"Colloque bilingue - L'IA et l'expertise judiciaire : cadre l\u00e9gal en Belgique et en Europe - ABEX\",\"isPartOf\":{\"@id\":\"https:\\\/\\\/abex.be\\\/#website\"},\"primaryImageOfPage\":{\"@id\":\"https:\\\/\\\/abex.be\\\/catalogue\\\/lia-et-lexpertise-judiciaire\\\/#primaryimage\"},\"image\":{\"@id\":\"https:\\\/\\\/abex.be\\\/catalogue\\\/lia-et-lexpertise-judiciaire\\\/#primaryimage\"},\"thumbnailUrl\":\"https:\\\/\\\/abex.be\\\/wp-content\\\/uploads\\\/2025\\\/10\\\/ABEX-colloque-AI_300x175_visu.png\",\"datePublished\":\"2025-10-02T14:12:14+00:00\",\"dateModified\":\"2025-12-04T13:52:21+00:00\",\"description\":\"Participez au colloque ABEX sur l\u2019usage de l\u2019intelligence artificielle dans l\u2019expertise judiciaire. D\u00e9couvrez les cadres l\u00e9gal et pratique en Belgique et en Europe, les limites juridiques et les perspectives \u00e9thiques de l\u2019IA, en pr\u00e9sence d\u2019experts, de juristes et d\u2019universitaires.\",\"breadcrumb\":{\"@id\":\"https:\\\/\\\/abex.be\\\/catalogue\\\/lia-et-lexpertise-judiciaire\\\/#breadcrumb\"},\"inLanguage\":\"de\",\"potentialAction\":[{\"@type\":\"ReadAction\",\"target\":[\"https:\\\/\\\/abex.be\\\/catalogue\\\/lia-et-lexpertise-judiciaire\\\/\"]}]},{\"@type\":\"ImageObject\",\"inLanguage\":\"de\",\"@id\":\"https:\\\/\\\/abex.be\\\/catalogue\\\/lia-et-lexpertise-judiciaire\\\/#primaryimage\",\"url\":\"https:\\\/\\\/abex.be\\\/wp-content\\\/uploads\\\/2025\\\/10\\\/ABEX-colloque-AI_300x175_visu.png\",\"contentUrl\":\"https:\\\/\\\/abex.be\\\/wp-content\\\/uploads\\\/2025\\\/10\\\/ABEX-colloque-AI_300x175_visu.png\",\"width\":300,\"height\":175},{\"@type\":\"BreadcrumbList\",\"@id\":\"https:\\\/\\\/abex.be\\\/catalogue\\\/lia-et-lexpertise-judiciaire\\\/#breadcrumb\",\"itemListElement\":[{\"@type\":\"ListItem\",\"position\":1,\"name\":\"Accueil\",\"item\":\"https:\\\/\\\/abex.be\\\/\"},{\"@type\":\"ListItem\",\"position\":2,\"name\":\"Shop\",\"item\":\"https:\\\/\\\/abex.be\\\/vente-en-ligne\\\/\"},{\"@type\":\"ListItem\",\"position\":3,\"name\":\"Colloque bilingue &#8211; L&rsquo;IA et l&rsquo;expertise judiciaire : cadre l\u00e9gal en Belgique et en Europe\"}]},{\"@type\":\"WebSite\",\"@id\":\"https:\\\/\\\/abex.be\\\/#website\",\"url\":\"https:\\\/\\\/abex.be\\\/\",\"name\":\"ABEX\",\"description\":\"Association belge des Experts - Associatie van Belgische experten\",\"publisher\":{\"@id\":\"https:\\\/\\\/abex.be\\\/#organization\"},\"potentialAction\":[{\"@type\":\"SearchAction\",\"target\":{\"@type\":\"EntryPoint\",\"urlTemplate\":\"https:\\\/\\\/abex.be\\\/?s={search_term_string}\"},\"query-input\":{\"@type\":\"PropertyValueSpecification\",\"valueRequired\":true,\"valueName\":\"search_term_string\"}}],\"inLanguage\":\"de\"},{\"@type\":\"Organization\",\"@id\":\"https:\\\/\\\/abex.be\\\/#organization\",\"name\":\"Association belge des Experts - Associatie van Belgische experten\",\"url\":\"https:\\\/\\\/abex.be\\\/\",\"logo\":{\"@type\":\"ImageObject\",\"inLanguage\":\"de\",\"@id\":\"https:\\\/\\\/abex.be\\\/#\\\/schema\\\/logo\\\/image\\\/\",\"url\":\"https:\\\/\\\/abex.be\\\/wp-content\\\/uploads\\\/2025\\\/07\\\/ABEX-old-logo-blue-281.png\",\"contentUrl\":\"https:\\\/\\\/abex.be\\\/wp-content\\\/uploads\\\/2025\\\/07\\\/ABEX-old-logo-blue-281.png\",\"width\":1024,\"height\":1024,\"caption\":\"Association belge des Experts - Associatie van Belgische experten\"},\"image\":{\"@id\":\"https:\\\/\\\/abex.be\\\/#\\\/schema\\\/logo\\\/image\\\/\"},\"sameAs\":[\"https:\\\/\\\/www.linkedin.com\\\/company\\\/abex-up\\\/\"]}]}<\/script>\n<!-- \/ Yoast SEO plugin. -->","yoast_head_json":{"title":"Zweisprachiges Kolloquium - KI und gerichtliche Expertise: Rechtsrahmen in Belgien und Europa - ABEX","description":"Nehmen Sie am ABEX-Symposium \u00fcber den Einsatz von k\u00fcnstlicher Intelligenz in der forensischen Begutachtung teil. Informieren Sie sich in Anwesenheit von Experten, Juristen und Akademikern \u00fcber den rechtlichen und praktischen Rahmen in Belgien und Europa, die rechtlichen Grenzen und die ethischen Perspektiven von KI.","robots":{"index":"index","follow":"follow","max-snippet":"max-snippet:-1","max-image-preview":"max-image-preview:large","max-video-preview":"max-video-preview:-1"},"canonical":"https:\/\/abex.be\/de\/katalog\/lia-und-das-gerichtsgutachten\/","og_locale":"de_DE","og_type":"article","og_title":"Colloque bilingue - L'IA et l'expertise judiciaire : cadre l\u00e9gal en Belgique et en Europe - ABEX","og_description":"Participez au colloque ABEX sur l\u2019usage de l\u2019intelligence artificielle dans l\u2019expertise judiciaire. D\u00e9couvrez les cadres l\u00e9gal et pratique en Belgique et en Europe, les limites juridiques et les perspectives \u00e9thiques de l\u2019IA, en pr\u00e9sence d\u2019experts, de juristes et d\u2019universitaires.","og_url":"https:\/\/abex.be\/de\/katalog\/lia-und-das-gerichtsgutachten\/","og_site_name":"ABEX","article_modified_time":"2025-12-04T13:52:21+00:00","og_image":[{"width":300,"height":175,"url":"https:\/\/abex.be\/wp-content\/uploads\/2025\/10\/ABEX-colloque-AI_300x175_visu.png","type":"image\/png"}],"twitter_card":"summary_large_image","twitter_misc":{"Gesch\u00e4tzte Lesezeit":"1\u00a0Minute"},"schema":{"@context":"https:\/\/schema.org","@graph":[{"@type":"WebPage","@id":"https:\/\/abex.be\/catalogue\/lia-et-lexpertise-judiciaire\/","url":"https:\/\/abex.be\/catalogue\/lia-et-lexpertise-judiciaire\/","name":"Zweisprachiges Kolloquium - KI und gerichtliche Expertise: Rechtsrahmen in Belgien und Europa - ABEX","isPartOf":{"@id":"https:\/\/abex.be\/#website"},"primaryImageOfPage":{"@id":"https:\/\/abex.be\/catalogue\/lia-et-lexpertise-judiciaire\/#primaryimage"},"image":{"@id":"https:\/\/abex.be\/catalogue\/lia-et-lexpertise-judiciaire\/#primaryimage"},"thumbnailUrl":"https:\/\/abex.be\/wp-content\/uploads\/2025\/10\/ABEX-colloque-AI_300x175_visu.png","datePublished":"2025-10-02T14:12:14+00:00","dateModified":"2025-12-04T13:52:21+00:00","description":"Nehmen Sie am ABEX-Symposium \u00fcber den Einsatz von k\u00fcnstlicher Intelligenz in der forensischen Begutachtung teil. Informieren Sie sich in Anwesenheit von Experten, Juristen und Akademikern \u00fcber den rechtlichen und praktischen Rahmen in Belgien und Europa, die rechtlichen Grenzen und die ethischen Perspektiven von KI.","breadcrumb":{"@id":"https:\/\/abex.be\/catalogue\/lia-et-lexpertise-judiciaire\/#breadcrumb"},"inLanguage":"de","potentialAction":[{"@type":"ReadAction","target":["https:\/\/abex.be\/catalogue\/lia-et-lexpertise-judiciaire\/"]}]},{"@type":"ImageObject","inLanguage":"de","@id":"https:\/\/abex.be\/catalogue\/lia-et-lexpertise-judiciaire\/#primaryimage","url":"https:\/\/abex.be\/wp-content\/uploads\/2025\/10\/ABEX-colloque-AI_300x175_visu.png","contentUrl":"https:\/\/abex.be\/wp-content\/uploads\/2025\/10\/ABEX-colloque-AI_300x175_visu.png","width":300,"height":175},{"@type":"BreadcrumbList","@id":"https:\/\/abex.be\/catalogue\/lia-et-lexpertise-judiciaire\/#breadcrumb","itemListElement":[{"@type":"ListItem","position":1,"name":"Accueil","item":"https:\/\/abex.be\/"},{"@type":"ListItem","position":2,"name":"Shop","item":"https:\/\/abex.be\/vente-en-ligne\/"},{"@type":"ListItem","position":3,"name":"Colloque bilingue &#8211; L&rsquo;IA et l&rsquo;expertise judiciaire : cadre l\u00e9gal en Belgique et en Europe"}]},{"@type":"WebSite","@id":"https:\/\/abex.be\/#website","url":"https:\/\/abex.be\/","name":"ABEX","description":"Association belge des Experts - Associatie van Belgische experten","publisher":{"@id":"https:\/\/abex.be\/#organization"},"potentialAction":[{"@type":"SearchAction","target":{"@type":"EntryPoint","urlTemplate":"https:\/\/abex.be\/?s={search_term_string}"},"query-input":{"@type":"PropertyValueSpecification","valueRequired":true,"valueName":"search_term_string"}}],"inLanguage":"de"},{"@type":"Organization","@id":"https:\/\/abex.be\/#organization","name":"Association belge des Experts - Associatie van Belgische experten","url":"https:\/\/abex.be\/","logo":{"@type":"ImageObject","inLanguage":"de","@id":"https:\/\/abex.be\/#\/schema\/logo\/image\/","url":"https:\/\/abex.be\/wp-content\/uploads\/2025\/07\/ABEX-old-logo-blue-281.png","contentUrl":"https:\/\/abex.be\/wp-content\/uploads\/2025\/07\/ABEX-old-logo-blue-281.png","width":1024,"height":1024,"caption":"Association belge des Experts - Associatie van Belgische experten"},"image":{"@id":"https:\/\/abex.be\/#\/schema\/logo\/image\/"},"sameAs":["https:\/\/www.linkedin.com\/company\/abex-up\/"]}]}},"_links":{"self":[{"href":"https:\/\/abex.be\/de\/wp-json\/wp\/v2\/product\/1349","targetHints":{"allow":["GET"]}}],"collection":[{"href":"https:\/\/abex.be\/de\/wp-json\/wp\/v2\/product"}],"about":[{"href":"https:\/\/abex.be\/de\/wp-json\/wp\/v2\/types\/product"}],"wp:featuredmedia":[{"embeddable":true,"href":"https:\/\/abex.be\/de\/wp-json\/wp\/v2\/media\/1394"}],"wp:attachment":[{"href":"https:\/\/abex.be\/de\/wp-json\/wp\/v2\/media?parent=1349"}],"wp:term":[{"taxonomy":"product_brand","embeddable":true,"href":"https:\/\/abex.be\/de\/wp-json\/wp\/v2\/product_brand?post=1349"},{"taxonomy":"product_cat","embeddable":true,"href":"https:\/\/abex.be\/de\/wp-json\/wp\/v2\/product_cat?post=1349"},{"taxonomy":"product_tag","embeddable":true,"href":"https:\/\/abex.be\/de\/wp-json\/wp\/v2\/product_tag?post=1349"}],"curies":[{"name":"wp","href":"https:\/\/api.w.org\/{rel}","templated":true}]}}