{"id":1274,"date":"2025-09-11T13:10:14","date_gmt":"2025-09-11T11:10:14","guid":{"rendered":"https:\/\/abex.be\/?post_type=product&#038;p=1274"},"modified":"2025-10-02T17:47:56","modified_gmt":"2025-10-02T15:47:56","slug":"gerichtsgutachten-sitzung-17-2","status":"publish","type":"product","link":"https:\/\/abex.be\/de\/catalogue\/formation-conciliation\/","title":{"rendered":"Ausbildung in Schlichtung"},"content":{"rendered":"<div class=\"wpb-content-wrapper\"><div class=\"vc_row wpb_row vc_row-fluid dt-default\" style=\"margin-top: 0px;margin-bottom: 0px\"><div class=\"wpb_column vc_column_container vc_col-sm-12\"><div class=\"vc_column-inner\"><div class=\"wpb_wrapper\">\n\t<div class=\"wpb_text_column wpb_content_element\" >\n\t\t<div class=\"wpb_wrapper\">\n\t\t\t<h1>!!! KOMPLETT!!!<\/h1>\n<h1>Werden Sie Schlichtungsexperte<\/h1>\n<h3>Das Fachwissen entwickelt sich weiter: Der Experte, der schlichten kann, macht den Unterschied. Bilden Sie sich weiter, um mit Spannungen umzugehen, den Dialog wiederherzustellen und ein Schl\u00fcsselakteur bei der Konfliktl\u00f6sung zu werden. Technik + Haltung = nachhaltige Wirkung<\/h3>\n<h3>Programm<\/h3>\n<p><strong>30\/09\/25<\/strong> : Soziologie der Schlichtung (Philippe Dambly)<\/p>\n<p><strong>02\/10\/25<\/strong>: Berufsethos des Schlichtungsexperten (Lionel Fuchs)<\/p>\n<p><strong>09\/10\/25<\/strong> : Der Schlichterrichter und die Kammern f\u00fcr g\u00fctliche Einigung (Caroline Verbruggen)<\/p>\n<p><strong>16\/10\/25<\/strong> : Psychologie des Schlichtungsexperten (St\u00e9phanie Demoulin)<\/p>\n<p><strong>28\/10\/25<\/strong> : Die Werkzeuge der Mediation im Dienste des Schlichtungsexperten (G\u00e9rard Kuyper)<\/p>\n<p><strong>19\/11\/25<\/strong> : Die Praxis der Schlichtung in der Begutachtung (Lionel Fuchs)<\/p>\n<p>Der Unterricht findet von 16.00 bis 19.00 Uhr in Uccle statt.<\/p>\n<p><span style=\"color: black;\">Die Fortbildung wird mit einer<strong> immersive residential session<\/strong>vom <b>27. bis 29. November 2025<\/b>In La Roche en Ardenne (Frankreich), einem Ort, an dem man sich konzentrieren und Erfahrungen austauschen kann, findet ein Workshop statt, der Situationen, Austausch unter Gleichaltrigen und praktische Workshops kombiniert.<a href=\"https:\/\/clairefontaine.be\/\" target=\"_blank\" rel=\"noopener\">Die Claire Fontaine<\/a>)<\/span><\/p>\n\n\t\t<\/div>\n\t<\/div>\n<\/div><\/div><\/div><\/div>\n<\/div>","protected":false},"excerpt":{"rendered":"<p>Werden Sie schlichtender Experte. Der Experte, der schlichten kann, macht den Unterschied. Lassen Sie sich schulen, um mit Spannungen umzugehen, den Dialog wiederherzustellen und ein Schl\u00fcsselakteur der Konfliktl\u00f6sung zu werden.<\/p>","protected":false},"featured_media":1299,"template":"","meta":[],"product_brand":[],"product_cat":[111],"product_tag":[121],"class_list":{"0":"post-1274","1":"product","2":"type-product","3":"status-publish","4":"has-post-thumbnail","6":"product_cat-evenement","7":"product_tag-exempt-tva-selon-art-44-2-4-ctva","8":"description-off","10":"first","11":"outofstock","12":"sold-individually","13":"taxable","14":"shipping-taxable","15":"purchasable","16":"product-type-variable"},"yoast_head":"<!-- This site is optimized with the Yoast SEO plugin v27.4 - https:\/\/yoast.com\/product\/yoast-seo-wordpress\/ -->\n<title>Formation en conciliation - ABEX<\/title>\n<meta name=\"description\" content=\"Devenez expert conciliateur. L&#039;expert qui sait concilier fait la diff\u00e9rence. Formez-vous pour g\u00e9rer les tensions, r\u00e9tablir le dialogue et devenir un acteur cl\u00e9 de la r\u00e9solution des conflits\" \/>\n<meta name=\"robots\" content=\"index, follow, max-snippet:-1, max-image-preview:large, max-video-preview:-1\" \/>\n<link rel=\"canonical\" href=\"https:\/\/abex.be\/de\/katalog\/gerichtsgutachten-sitzung-17-2\/\" \/>\n<meta property=\"og:locale\" content=\"de_DE\" \/>\n<meta property=\"og:type\" content=\"article\" \/>\n<meta property=\"og:title\" content=\"Devenez expert conciliateur - Formation ABEX Academy\" \/>\n<meta property=\"og:description\" content=\"Devenez expert conciliateur. L&#039;expert qui sait concilier fait la diff\u00e9rence. Formez-vous pour g\u00e9rer les tensions, r\u00e9tablir le dialogue et devenir un acteur cl\u00e9 de la r\u00e9solution des conflits\" \/>\n<meta property=\"og:url\" content=\"https:\/\/abex.be\/de\/katalog\/gerichtsgutachten-sitzung-17-2\/\" \/>\n<meta property=\"og:site_name\" content=\"ABEX\" \/>\n<meta property=\"article:modified_time\" content=\"2025-10-02T15:47:56+00:00\" \/>\n<meta property=\"og:image\" content=\"https:\/\/abex.be\/wp-content\/uploads\/2025\/09\/ABEX-Formation-expert-conciliateur-53245.jpeg\" \/>\n\t<meta property=\"og:image:width\" content=\"1024\" \/>\n\t<meta property=\"og:image:height\" content=\"1024\" \/>\n\t<meta property=\"og:image:type\" content=\"image\/jpeg\" \/>\n<meta name=\"twitter:card\" content=\"summary_large_image\" \/>\n<meta name=\"twitter:label1\" content=\"Gesch\u00e4tzte Lesezeit\" \/>\n\t<meta name=\"twitter:data1\" content=\"1\u00a0Minute\" \/>\n<script type=\"application\/ld+json\" class=\"yoast-schema-graph\">{\"@context\":\"https:\\\/\\\/schema.org\",\"@graph\":[{\"@type\":\"WebPage\",\"@id\":\"https:\\\/\\\/abex.be\\\/catalogue\\\/formation-conciliation\\\/\",\"url\":\"https:\\\/\\\/abex.be\\\/catalogue\\\/formation-conciliation\\\/\",\"name\":\"Formation en conciliation - ABEX\",\"isPartOf\":{\"@id\":\"https:\\\/\\\/abex.be\\\/#website\"},\"primaryImageOfPage\":{\"@id\":\"https:\\\/\\\/abex.be\\\/catalogue\\\/formation-conciliation\\\/#primaryimage\"},\"image\":{\"@id\":\"https:\\\/\\\/abex.be\\\/catalogue\\\/formation-conciliation\\\/#primaryimage\"},\"thumbnailUrl\":\"https:\\\/\\\/abex.be\\\/wp-content\\\/uploads\\\/2025\\\/09\\\/ABEX-Formation-expert-conciliateur-53245.jpeg\",\"datePublished\":\"2025-09-11T11:10:14+00:00\",\"dateModified\":\"2025-10-02T15:47:56+00:00\",\"description\":\"Devenez expert conciliateur. L'expert qui sait concilier fait la diff\u00e9rence. Formez-vous pour g\u00e9rer les tensions, r\u00e9tablir le dialogue et devenir un acteur cl\u00e9 de la r\u00e9solution des conflits\",\"breadcrumb\":{\"@id\":\"https:\\\/\\\/abex.be\\\/catalogue\\\/formation-conciliation\\\/#breadcrumb\"},\"inLanguage\":\"de\",\"potentialAction\":[{\"@type\":\"ReadAction\",\"target\":[\"https:\\\/\\\/abex.be\\\/catalogue\\\/formation-conciliation\\\/\"]}]},{\"@type\":\"ImageObject\",\"inLanguage\":\"de\",\"@id\":\"https:\\\/\\\/abex.be\\\/catalogue\\\/formation-conciliation\\\/#primaryimage\",\"url\":\"https:\\\/\\\/abex.be\\\/wp-content\\\/uploads\\\/2025\\\/09\\\/ABEX-Formation-expert-conciliateur-53245.jpeg\",\"contentUrl\":\"https:\\\/\\\/abex.be\\\/wp-content\\\/uploads\\\/2025\\\/09\\\/ABEX-Formation-expert-conciliateur-53245.jpeg\",\"width\":1024,\"height\":1024,\"caption\":\"ABEX - Formation expert conciliateur\"},{\"@type\":\"BreadcrumbList\",\"@id\":\"https:\\\/\\\/abex.be\\\/catalogue\\\/formation-conciliation\\\/#breadcrumb\",\"itemListElement\":[{\"@type\":\"ListItem\",\"position\":1,\"name\":\"Accueil\",\"item\":\"https:\\\/\\\/abex.be\\\/\"},{\"@type\":\"ListItem\",\"position\":2,\"name\":\"Shop\",\"item\":\"https:\\\/\\\/abex.be\\\/vente-en-ligne\\\/\"},{\"@type\":\"ListItem\",\"position\":3,\"name\":\"Formation en conciliation\"}]},{\"@type\":\"WebSite\",\"@id\":\"https:\\\/\\\/abex.be\\\/#website\",\"url\":\"https:\\\/\\\/abex.be\\\/\",\"name\":\"ABEX\",\"description\":\"Association belge des Experts - Associatie van Belgische experten\",\"publisher\":{\"@id\":\"https:\\\/\\\/abex.be\\\/#organization\"},\"potentialAction\":[{\"@type\":\"SearchAction\",\"target\":{\"@type\":\"EntryPoint\",\"urlTemplate\":\"https:\\\/\\\/abex.be\\\/?s={search_term_string}\"},\"query-input\":{\"@type\":\"PropertyValueSpecification\",\"valueRequired\":true,\"valueName\":\"search_term_string\"}}],\"inLanguage\":\"de\"},{\"@type\":\"Organization\",\"@id\":\"https:\\\/\\\/abex.be\\\/#organization\",\"name\":\"Association belge des Experts - Associatie van Belgische experten\",\"url\":\"https:\\\/\\\/abex.be\\\/\",\"logo\":{\"@type\":\"ImageObject\",\"inLanguage\":\"de\",\"@id\":\"https:\\\/\\\/abex.be\\\/#\\\/schema\\\/logo\\\/image\\\/\",\"url\":\"https:\\\/\\\/abex.be\\\/wp-content\\\/uploads\\\/2025\\\/07\\\/ABEX-old-logo-blue-281.png\",\"contentUrl\":\"https:\\\/\\\/abex.be\\\/wp-content\\\/uploads\\\/2025\\\/07\\\/ABEX-old-logo-blue-281.png\",\"width\":1024,\"height\":1024,\"caption\":\"Association belge des Experts - Associatie van Belgische experten\"},\"image\":{\"@id\":\"https:\\\/\\\/abex.be\\\/#\\\/schema\\\/logo\\\/image\\\/\"},\"sameAs\":[\"https:\\\/\\\/www.linkedin.com\\\/company\\\/abex-up\\\/\"]}]}<\/script>\n<!-- \/ Yoast SEO plugin. -->","yoast_head_json":{"title":"Ausbildung in Schlichtung - ABEX","description":"Werden Sie schlichtender Experte. Der Experte, der schlichten kann, macht den Unterschied. Lassen Sie sich schulen, um mit Spannungen umzugehen, den Dialog wiederherzustellen und ein Schl\u00fcsselakteur der Konfliktl\u00f6sung zu werden.","robots":{"index":"index","follow":"follow","max-snippet":"max-snippet:-1","max-image-preview":"max-image-preview:large","max-video-preview":"max-video-preview:-1"},"canonical":"https:\/\/abex.be\/de\/katalog\/gerichtsgutachten-sitzung-17-2\/","og_locale":"de_DE","og_type":"article","og_title":"Devenez expert conciliateur - Formation ABEX Academy","og_description":"Devenez expert conciliateur. L'expert qui sait concilier fait la diff\u00e9rence. Formez-vous pour g\u00e9rer les tensions, r\u00e9tablir le dialogue et devenir un acteur cl\u00e9 de la r\u00e9solution des conflits","og_url":"https:\/\/abex.be\/de\/katalog\/gerichtsgutachten-sitzung-17-2\/","og_site_name":"ABEX","article_modified_time":"2025-10-02T15:47:56+00:00","og_image":[{"width":1024,"height":1024,"url":"https:\/\/abex.be\/wp-content\/uploads\/2025\/09\/ABEX-Formation-expert-conciliateur-53245.jpeg","type":"image\/jpeg"}],"twitter_card":"summary_large_image","twitter_misc":{"Gesch\u00e4tzte Lesezeit":"1\u00a0Minute"},"schema":{"@context":"https:\/\/schema.org","@graph":[{"@type":"WebPage","@id":"https:\/\/abex.be\/catalogue\/formation-conciliation\/","url":"https:\/\/abex.be\/catalogue\/formation-conciliation\/","name":"Ausbildung in Schlichtung - ABEX","isPartOf":{"@id":"https:\/\/abex.be\/#website"},"primaryImageOfPage":{"@id":"https:\/\/abex.be\/catalogue\/formation-conciliation\/#primaryimage"},"image":{"@id":"https:\/\/abex.be\/catalogue\/formation-conciliation\/#primaryimage"},"thumbnailUrl":"https:\/\/abex.be\/wp-content\/uploads\/2025\/09\/ABEX-Formation-expert-conciliateur-53245.jpeg","datePublished":"2025-09-11T11:10:14+00:00","dateModified":"2025-10-02T15:47:56+00:00","description":"Werden Sie schlichtender Experte. Der Experte, der schlichten kann, macht den Unterschied. Lassen Sie sich schulen, um mit Spannungen umzugehen, den Dialog wiederherzustellen und ein Schl\u00fcsselakteur der Konfliktl\u00f6sung zu werden.","breadcrumb":{"@id":"https:\/\/abex.be\/catalogue\/formation-conciliation\/#breadcrumb"},"inLanguage":"de","potentialAction":[{"@type":"ReadAction","target":["https:\/\/abex.be\/catalogue\/formation-conciliation\/"]}]},{"@type":"ImageObject","inLanguage":"de","@id":"https:\/\/abex.be\/catalogue\/formation-conciliation\/#primaryimage","url":"https:\/\/abex.be\/wp-content\/uploads\/2025\/09\/ABEX-Formation-expert-conciliateur-53245.jpeg","contentUrl":"https:\/\/abex.be\/wp-content\/uploads\/2025\/09\/ABEX-Formation-expert-conciliateur-53245.jpeg","width":1024,"height":1024,"caption":"ABEX - Formation expert conciliateur"},{"@type":"BreadcrumbList","@id":"https:\/\/abex.be\/catalogue\/formation-conciliation\/#breadcrumb","itemListElement":[{"@type":"ListItem","position":1,"name":"Accueil","item":"https:\/\/abex.be\/"},{"@type":"ListItem","position":2,"name":"Shop","item":"https:\/\/abex.be\/vente-en-ligne\/"},{"@type":"ListItem","position":3,"name":"Formation en conciliation"}]},{"@type":"WebSite","@id":"https:\/\/abex.be\/#website","url":"https:\/\/abex.be\/","name":"ABEX","description":"Association belge des Experts - Associatie van Belgische experten","publisher":{"@id":"https:\/\/abex.be\/#organization"},"potentialAction":[{"@type":"SearchAction","target":{"@type":"EntryPoint","urlTemplate":"https:\/\/abex.be\/?s={search_term_string}"},"query-input":{"@type":"PropertyValueSpecification","valueRequired":true,"valueName":"search_term_string"}}],"inLanguage":"de"},{"@type":"Organization","@id":"https:\/\/abex.be\/#organization","name":"Association belge des Experts - Associatie van Belgische experten","url":"https:\/\/abex.be\/","logo":{"@type":"ImageObject","inLanguage":"de","@id":"https:\/\/abex.be\/#\/schema\/logo\/image\/","url":"https:\/\/abex.be\/wp-content\/uploads\/2025\/07\/ABEX-old-logo-blue-281.png","contentUrl":"https:\/\/abex.be\/wp-content\/uploads\/2025\/07\/ABEX-old-logo-blue-281.png","width":1024,"height":1024,"caption":"Association belge des Experts - Associatie van Belgische experten"},"image":{"@id":"https:\/\/abex.be\/#\/schema\/logo\/image\/"},"sameAs":["https:\/\/www.linkedin.com\/company\/abex-up\/"]}]}},"_links":{"self":[{"href":"https:\/\/abex.be\/de\/wp-json\/wp\/v2\/product\/1274","targetHints":{"allow":["GET"]}}],"collection":[{"href":"https:\/\/abex.be\/de\/wp-json\/wp\/v2\/product"}],"about":[{"href":"https:\/\/abex.be\/de\/wp-json\/wp\/v2\/types\/product"}],"wp:featuredmedia":[{"embeddable":true,"href":"https:\/\/abex.be\/de\/wp-json\/wp\/v2\/media\/1299"}],"wp:attachment":[{"href":"https:\/\/abex.be\/de\/wp-json\/wp\/v2\/media?parent=1274"}],"wp:term":[{"taxonomy":"product_brand","embeddable":true,"href":"https:\/\/abex.be\/de\/wp-json\/wp\/v2\/product_brand?post=1274"},{"taxonomy":"product_cat","embeddable":true,"href":"https:\/\/abex.be\/de\/wp-json\/wp\/v2\/product_cat?post=1274"},{"taxonomy":"product_tag","embeddable":true,"href":"https:\/\/abex.be\/de\/wp-json\/wp\/v2\/product_tag?post=1274"}],"curies":[{"name":"wp","href":"https:\/\/api.w.org\/{rel}","templated":true}]}}