{"id":545,"date":"2025-03-27T14:20:53","date_gmt":"2025-03-27T13:20:53","guid":{"rendered":"https:\/\/abex.be\/?page_id=545"},"modified":"2025-09-02T16:22:29","modified_gmt":"2025-09-02T14:22:29","slug":"sachverstandiger","status":"publish","type":"page","link":"https:\/\/abex.be\/de\/experts\/","title":{"rendered":"Sachverst\u00e4ndige"},"content":{"rendered":"","protected":false},"excerpt":{"rendered":"","protected":false},"author":1,"featured_media":958,"parent":0,"menu_order":0,"comment_status":"closed","ping_status":"closed","template":"","meta":{"footnotes":""},"class_list":["post-545","page","type-page","status-publish","has-post-thumbnail","hentry","description-off"],"yoast_head":"<!-- This site is optimized with the Yoast SEO plugin v27.4 - https:\/\/yoast.com\/product\/yoast-seo-wordpress\/ -->\n<title>Trouver un expert \u2013 Recherche par sp\u00e9cialit\u00e9 ou activit\u00e9<\/title>\n<meta name=\"description\" content=\"Recherchez un expert par son nom, sa sp\u00e9cialit\u00e9 ou son activit\u00e9. Consultez la liste des sp\u00e9cialit\u00e9s et des activit\u00e9s pour trouver l\u2019expert qu\u2019il vous faut.\" \/>\n<meta name=\"robots\" content=\"index, follow, max-snippet:-1, max-image-preview:large, max-video-preview:-1\" \/>\n<link rel=\"canonical\" href=\"https:\/\/abex.be\/de\/sachverstandiger\/\" \/>\n<meta property=\"og:locale\" content=\"de_DE\" \/>\n<meta property=\"og:type\" content=\"article\" \/>\n<meta property=\"og:title\" content=\"Trouver un expert \u2013 Recherche par sp\u00e9cialit\u00e9 ou activit\u00e9\" \/>\n<meta property=\"og:description\" content=\"Recherchez un expert par son nom, sa sp\u00e9cialit\u00e9 ou son activit\u00e9. Consultez la liste des sp\u00e9cialit\u00e9s et des activit\u00e9s pour trouver l\u2019expert qu\u2019il vous faut.\" \/>\n<meta property=\"og:url\" content=\"https:\/\/abex.be\/de\/sachverstandiger\/\" \/>\n<meta property=\"og:site_name\" content=\"ABEX\" \/>\n<meta property=\"article:modified_time\" content=\"2025-09-02T14:22:29+00:00\" \/>\n<meta property=\"og:image\" content=\"https:\/\/abex.be\/wp-content\/uploads\/2025\/07\/ABEX-old-logo-blue-281.png\" \/>\n\t<meta property=\"og:image:width\" content=\"1024\" \/>\n\t<meta property=\"og:image:height\" content=\"1024\" \/>\n\t<meta property=\"og:image:type\" content=\"image\/png\" \/>\n<meta name=\"twitter:card\" content=\"summary_large_image\" \/>\n<meta name=\"twitter:title\" content=\"Trouver un expert \u2013 Recherche par sp\u00e9cialit\u00e9 ou activit\u00e9\" \/>\n<meta name=\"twitter:description\" content=\"Recherchez un expert par son nom, sa sp\u00e9cialit\u00e9 ou son activit\u00e9. Consultez la liste des sp\u00e9cialit\u00e9s et des activit\u00e9s pour trouver l\u2019expert qu\u2019il vous faut.\" \/>\n<meta name=\"twitter:image\" content=\"https:\/\/abex.be\/wp-content\/uploads\/2025\/07\/ABEX-old-logo-blue-281.png\" \/>\n<meta name=\"twitter:label1\" content=\"Gesch\u00e4tzte Lesezeit\" \/>\n\t<meta name=\"twitter:data1\" content=\"1\u00a0Minute\" \/>\n<script type=\"application\/ld+json\" class=\"yoast-schema-graph\">{\"@context\":\"https:\\\/\\\/schema.org\",\"@graph\":[{\"@type\":\"WebPage\",\"@id\":\"https:\\\/\\\/abex.be\\\/experts\\\/\",\"url\":\"https:\\\/\\\/abex.be\\\/experts\\\/\",\"name\":\"Trouver un expert \u2013 Recherche par sp\u00e9cialit\u00e9 ou activit\u00e9\",\"isPartOf\":{\"@id\":\"https:\\\/\\\/abex.be\\\/#website\"},\"primaryImageOfPage\":{\"@id\":\"https:\\\/\\\/abex.be\\\/experts\\\/#primaryimage\"},\"image\":{\"@id\":\"https:\\\/\\\/abex.be\\\/experts\\\/#primaryimage\"},\"thumbnailUrl\":\"https:\\\/\\\/abex.be\\\/wp-content\\\/uploads\\\/2025\\\/07\\\/ABEX-old-logo-blue-281.png\",\"datePublished\":\"2025-03-27T13:20:53+00:00\",\"dateModified\":\"2025-09-02T14:22:29+00:00\",\"description\":\"Recherchez un expert par son nom, sa sp\u00e9cialit\u00e9 ou son activit\u00e9. Consultez la liste des sp\u00e9cialit\u00e9s et des activit\u00e9s pour trouver l\u2019expert qu\u2019il vous faut.\",\"breadcrumb\":{\"@id\":\"https:\\\/\\\/abex.be\\\/experts\\\/#breadcrumb\"},\"inLanguage\":\"de\",\"potentialAction\":[{\"@type\":\"ReadAction\",\"target\":[\"https:\\\/\\\/abex.be\\\/experts\\\/\"]}]},{\"@type\":\"ImageObject\",\"inLanguage\":\"de\",\"@id\":\"https:\\\/\\\/abex.be\\\/experts\\\/#primaryimage\",\"url\":\"https:\\\/\\\/abex.be\\\/wp-content\\\/uploads\\\/2025\\\/07\\\/ABEX-old-logo-blue-281.png\",\"contentUrl\":\"https:\\\/\\\/abex.be\\\/wp-content\\\/uploads\\\/2025\\\/07\\\/ABEX-old-logo-blue-281.png\",\"width\":1024,\"height\":1024},{\"@type\":\"BreadcrumbList\",\"@id\":\"https:\\\/\\\/abex.be\\\/experts\\\/#breadcrumb\",\"itemListElement\":[{\"@type\":\"ListItem\",\"position\":1,\"name\":\"Accueil\",\"item\":\"https:\\\/\\\/abex.be\\\/\"},{\"@type\":\"ListItem\",\"position\":2,\"name\":\"Experts\"}]},{\"@type\":\"WebSite\",\"@id\":\"https:\\\/\\\/abex.be\\\/#website\",\"url\":\"https:\\\/\\\/abex.be\\\/\",\"name\":\"ABEX\",\"description\":\"Association belge des Experts - Associatie van Belgische experten\",\"publisher\":{\"@id\":\"https:\\\/\\\/abex.be\\\/#organization\"},\"potentialAction\":[{\"@type\":\"SearchAction\",\"target\":{\"@type\":\"EntryPoint\",\"urlTemplate\":\"https:\\\/\\\/abex.be\\\/?s={search_term_string}\"},\"query-input\":{\"@type\":\"PropertyValueSpecification\",\"valueRequired\":true,\"valueName\":\"search_term_string\"}}],\"inLanguage\":\"de\"},{\"@type\":\"Organization\",\"@id\":\"https:\\\/\\\/abex.be\\\/#organization\",\"name\":\"Association belge des Experts - Associatie van Belgische experten\",\"url\":\"https:\\\/\\\/abex.be\\\/\",\"logo\":{\"@type\":\"ImageObject\",\"inLanguage\":\"de\",\"@id\":\"https:\\\/\\\/abex.be\\\/#\\\/schema\\\/logo\\\/image\\\/\",\"url\":\"https:\\\/\\\/abex.be\\\/wp-content\\\/uploads\\\/2025\\\/07\\\/ABEX-old-logo-blue-281.png\",\"contentUrl\":\"https:\\\/\\\/abex.be\\\/wp-content\\\/uploads\\\/2025\\\/07\\\/ABEX-old-logo-blue-281.png\",\"width\":1024,\"height\":1024,\"caption\":\"Association belge des Experts - Associatie van Belgische experten\"},\"image\":{\"@id\":\"https:\\\/\\\/abex.be\\\/#\\\/schema\\\/logo\\\/image\\\/\"},\"sameAs\":[\"https:\\\/\\\/www.linkedin.com\\\/company\\\/abex-up\\\/\"]}]}<\/script>\n<!-- \/ Yoast SEO plugin. -->","yoast_head_json":{"title":"Experten finden - Suche nach Fachgebiet oder Aktivit\u00e4t","description":"Suchen Sie einen Experten nach seinem Namen, seinem Spezialgebiet oder seiner T\u00e4tigkeit. Sehen Sie sich die Liste der Fachgebiete und T\u00e4tigkeiten an, um den richtigen Experten zu finden.","robots":{"index":"index","follow":"follow","max-snippet":"max-snippet:-1","max-image-preview":"max-image-preview:large","max-video-preview":"max-video-preview:-1"},"canonical":"https:\/\/abex.be\/de\/sachverstandiger\/","og_locale":"de_DE","og_type":"article","og_title":"Trouver un expert \u2013 Recherche par sp\u00e9cialit\u00e9 ou activit\u00e9","og_description":"Recherchez un expert par son nom, sa sp\u00e9cialit\u00e9 ou son activit\u00e9. Consultez la liste des sp\u00e9cialit\u00e9s et des activit\u00e9s pour trouver l\u2019expert qu\u2019il vous faut.","og_url":"https:\/\/abex.be\/de\/sachverstandiger\/","og_site_name":"ABEX","article_modified_time":"2025-09-02T14:22:29+00:00","og_image":[{"width":1024,"height":1024,"url":"https:\/\/abex.be\/wp-content\/uploads\/2025\/07\/ABEX-old-logo-blue-281.png","type":"image\/png"}],"twitter_card":"summary_large_image","twitter_title":"Trouver un expert \u2013 Recherche par sp\u00e9cialit\u00e9 ou activit\u00e9","twitter_description":"Recherchez un expert par son nom, sa sp\u00e9cialit\u00e9 ou son activit\u00e9. Consultez la liste des sp\u00e9cialit\u00e9s et des activit\u00e9s pour trouver l\u2019expert qu\u2019il vous faut.","twitter_image":"https:\/\/abex.be\/wp-content\/uploads\/2025\/07\/ABEX-old-logo-blue-281.png","twitter_misc":{"Gesch\u00e4tzte Lesezeit":"1\u00a0Minute"},"schema":{"@context":"https:\/\/schema.org","@graph":[{"@type":"WebPage","@id":"https:\/\/abex.be\/experts\/","url":"https:\/\/abex.be\/experts\/","name":"Experten finden - Suche nach Fachgebiet oder Aktivit\u00e4t","isPartOf":{"@id":"https:\/\/abex.be\/#website"},"primaryImageOfPage":{"@id":"https:\/\/abex.be\/experts\/#primaryimage"},"image":{"@id":"https:\/\/abex.be\/experts\/#primaryimage"},"thumbnailUrl":"https:\/\/abex.be\/wp-content\/uploads\/2025\/07\/ABEX-old-logo-blue-281.png","datePublished":"2025-03-27T13:20:53+00:00","dateModified":"2025-09-02T14:22:29+00:00","description":"Suchen Sie einen Experten nach seinem Namen, seinem Spezialgebiet oder seiner T\u00e4tigkeit. Sehen Sie sich die Liste der Fachgebiete und T\u00e4tigkeiten an, um den richtigen Experten zu finden.","breadcrumb":{"@id":"https:\/\/abex.be\/experts\/#breadcrumb"},"inLanguage":"de","potentialAction":[{"@type":"ReadAction","target":["https:\/\/abex.be\/experts\/"]}]},{"@type":"ImageObject","inLanguage":"de","@id":"https:\/\/abex.be\/experts\/#primaryimage","url":"https:\/\/abex.be\/wp-content\/uploads\/2025\/07\/ABEX-old-logo-blue-281.png","contentUrl":"https:\/\/abex.be\/wp-content\/uploads\/2025\/07\/ABEX-old-logo-blue-281.png","width":1024,"height":1024},{"@type":"BreadcrumbList","@id":"https:\/\/abex.be\/experts\/#breadcrumb","itemListElement":[{"@type":"ListItem","position":1,"name":"Accueil","item":"https:\/\/abex.be\/"},{"@type":"ListItem","position":2,"name":"Experts"}]},{"@type":"WebSite","@id":"https:\/\/abex.be\/#website","url":"https:\/\/abex.be\/","name":"ABEX","description":"Association belge des Experts - Associatie van Belgische experten","publisher":{"@id":"https:\/\/abex.be\/#organization"},"potentialAction":[{"@type":"SearchAction","target":{"@type":"EntryPoint","urlTemplate":"https:\/\/abex.be\/?s={search_term_string}"},"query-input":{"@type":"PropertyValueSpecification","valueRequired":true,"valueName":"search_term_string"}}],"inLanguage":"de"},{"@type":"Organization","@id":"https:\/\/abex.be\/#organization","name":"Association belge des Experts - Associatie van Belgische experten","url":"https:\/\/abex.be\/","logo":{"@type":"ImageObject","inLanguage":"de","@id":"https:\/\/abex.be\/#\/schema\/logo\/image\/","url":"https:\/\/abex.be\/wp-content\/uploads\/2025\/07\/ABEX-old-logo-blue-281.png","contentUrl":"https:\/\/abex.be\/wp-content\/uploads\/2025\/07\/ABEX-old-logo-blue-281.png","width":1024,"height":1024,"caption":"Association belge des Experts - Associatie van Belgische experten"},"image":{"@id":"https:\/\/abex.be\/#\/schema\/logo\/image\/"},"sameAs":["https:\/\/www.linkedin.com\/company\/abex-up\/"]}]}},"_links":{"self":[{"href":"https:\/\/abex.be\/de\/wp-json\/wp\/v2\/pages\/545","targetHints":{"allow":["GET"]}}],"collection":[{"href":"https:\/\/abex.be\/de\/wp-json\/wp\/v2\/pages"}],"about":[{"href":"https:\/\/abex.be\/de\/wp-json\/wp\/v2\/types\/page"}],"author":[{"embeddable":true,"href":"https:\/\/abex.be\/de\/wp-json\/wp\/v2\/users\/1"}],"replies":[{"embeddable":true,"href":"https:\/\/abex.be\/de\/wp-json\/wp\/v2\/comments?post=545"}],"version-history":[{"count":0,"href":"https:\/\/abex.be\/de\/wp-json\/wp\/v2\/pages\/545\/revisions"}],"wp:featuredmedia":[{"embeddable":true,"href":"https:\/\/abex.be\/de\/wp-json\/wp\/v2\/media\/958"}],"wp:attachment":[{"href":"https:\/\/abex.be\/de\/wp-json\/wp\/v2\/media?parent=545"}],"curies":[{"name":"wp","href":"https:\/\/api.w.org\/{rel}","templated":true}]}}