{"id":1083,"date":"2025-08-15T10:58:25","date_gmt":"2025-08-15T08:58:25","guid":{"rendered":"https:\/\/abex.be\/?page_id=1083"},"modified":"2025-08-15T10:58:25","modified_gmt":"2025-08-15T08:58:25","slug":"rechtliche-hinweise","status":"publish","type":"page","link":"https:\/\/abex.be\/de\/mentions-legales\/","title":{"rendered":"Rechtliche Hinweise"},"content":{"rendered":"<div class=\"wpb-content-wrapper\"><div class=\"stripe stripe-style-1\" style=\"background-color: #FFFFFF;background-position: top;background-repeat: no-repeat;background-attachment: scroll;background-size: auto;padding-top: 0px;padding-bottom: 0px;margin-top: 0px;margin-bottom: 0px\"><div class=\"vc_row wpb_row vc_row-fluid\" style=\"\"><div class=\"wpb_column vc_column_container vc_col-sm-12\"><div class=\"vc_column-inner vc_custom_1753249441640\"><div class=\"wpb_wrapper\">\n\t<div class=\"wpb_text_column wpb_content_element\" >\n\t\t<div class=\"wpb_wrapper\">\n\t\t\t<h3>Koordinaten :<\/h3>\n<h5>ABEX asbl<\/h5>\n<p><strong>Adresse:<\/strong> avenue G. Lecointe 50 1180 Uccle<br \/>\n<strong>Unternehmensnummer (EZB\/MWST) :<\/strong> BE0414.175.053<br \/>\n<strong>E-Mail:<\/strong> <a href=\"mailto:info@abex.be\">info@abex.be<\/a><br \/>\n<strong>Telefon :<\/strong> +32 (0)2 523 73 33<\/p>\n<p>Wer sammelt Ihre Daten?<\/p>\n<p><strong>EYLETTERS Murielle | ABEX\u00a0\u00a0<\/strong><br \/>\nAvenue Georges Lecointe, 50 - 1180 BRUXELLES - BELGIEN<br \/>\nE-Mail <a href=\"mailto:presidence@abex.be\">presidence@abex.be\u00a0<\/a><br \/>\nTel: +32 2 523 73 33<\/p>\n<p>Der Verantwortliche f\u00fcr die Verarbeitung ist die ABEX und der Datenschutzbeauftragte ist : <strong>EYLETTERS Murielle<\/strong> <a href=\"mailto:presidence@abex.be\">presidence@abex.be\u00a0<\/a><\/p>\n<h3>Die privaten Daten, die potenziell von ABEX verwaltet werden, sind relativ begrenzt:<\/h3>\n<ul>\n<li>Name und Vorname der Kontaktperson<\/li>\n<li>E-Mail-Adresse der Kontaktperson<\/li>\n<li>Direkte Telefonnummer der Kontaktperson<\/li>\n<li>Handy oder Skype-Account der Kontaktperson<\/li>\n<\/ul>\n<p>Diese Daten werden ausschlie\u00dflich im Rahmen der Kundenbeziehung zu folgenden Zwecken verwendet:<\/p>\n<ul>\n<li>\u00dcbermittlung von Gesch\u00e4ftsdokumenten (Angebot, Auftrag, Lieferung, Rechnung)<\/li>\n<li>Kommunikation f\u00fcr einen laufenden Fall<\/li>\n<li>Technische Informationen, die dem Patienten \u00fcbermittelt werden m\u00fcssen<\/li>\n<li>Newsletter<\/li>\n<li>Einladungen zu Veranstaltungen<\/li>\n<li>Weitergabe dieser Informationen an Subunternehmer\/Partner, die ausdr\u00fccklich an einem Kundendossier mitwirken m\u00fcssen<\/li>\n<\/ul>\n<p>Die Daten werden in unserem System gespeichert, ohne ein definiertes Enddatum. Wenn der Kunde von seinem Recht auf Berichtigung oder Vergessen Gebrauch machen m\u00f6chte, kann er dies \u00fcber das unten stehende Formular tun.<\/p>\n<p>Wenn die personenbezogenen Daten eng mit einer ausgestellten Rechnung verbunden sind, wird ABEX die Daten f\u00fcr einen Zeitraum aufbewahren, der der gesetzlichen belgischen Buchf\u00fchrungsfrist entspricht, die zum Zeitpunkt der Anfrage g\u00fcltig ist.<\/p>\n<p>Der Kunde kann jederzeit bei ABEX eine Bestandsaufnahme seiner pers\u00f6nlichen Daten anfordern \u00fcber: https:\/\/www.abex.be\/contact\/<\/p>\n<h3>Umgang mit privaten Kundendaten<\/h3>\n<h5>Welche Rechte haben Sie?<\/h5>\n<p>Im Rahmen der Allgemeinen Datenschutzverordnung (DSGVO) haben Sie das Recht, die L\u00f6schung Ihrer privaten Daten aus den verschiedenen Verwaltungstools der ABEX zu beantragen. Stellen Sie einfach einen entsprechenden Antrag \u00fcber das folgende Formular :<\/p>\n\n\t\t<\/div>\n\t<\/div>\n\n\t<div class=\"wpb_text_column wpb_content_element\" >\n\t\t<div class=\"wpb_wrapper\">\n\t\t\t<div class=\"forminator-ui forminator-custom-form forminator-custom-form-1084 forminator-design--default  forminator_ajax\" data-forminator-render=\"0\" data-form=\"forminator-module-1084\" data-uid=\"69e89d128d5c8\"><br\/><\/div><form\n\t\t\t\tid=\"forminator-module-1084\"\n\t\t\t\tclass=\"forminator-ui forminator-custom-form forminator-custom-form-1084 forminator-design--default  forminator_ajax\"\n\t\t\t\tmethod=\"post\"\n\t\t\t\tdata-forminator-render=\"0\"\n\t\t\t\tdata-form-id=\"1084\"\n\t\t\t\t data-color-option=\"theme\" data-design=\"default\" data-grid=\"open\" style=\"display: none;\"\n\t\t\t\tdata-uid=\"69e89d128d5c8\" action=\"\"\n\t\t\t><div role=\"alert\" aria-live=\"polite\" class=\"forminator-response-message forminator-error\" aria-hidden=\"true\"><\/div><div class=\"forminator-row\"><div id=\"name-1\" class=\"forminator-field-name forminator-col forminator-col-12\"><div class=\"forminator-row forminator-no-margin\" data-multiple=\"true\"><div class=\"forminator-col forminator-col-md-6\"><div class=\"forminator-field\"><label for=\"forminator-field-first-name-1_69e89d128d5c8\" id=\"forminator-field-first-name-1_69e89d128d5c8-label\" class=\"forminator-label\">Vorname <span class=\"forminator-required\">*<\/span><\/label><input type=\"text\" name=\"name-1-first-name\" placeholder=\"Vorname\" id=\"forminator-field-first-name-1_69e89d128d5c8\" class=\"forminator-input\" aria-required=\"true\" data-multi=\"1\" autocomplete=\"given-name\" value=\"\" \/><\/div><\/div><div class=\"forminator-col forminator-col-md-6\"><div class=\"forminator-field\"><label for=\"forminator-field-last-name-1_69e89d128d5c8\" id=\"forminator-field-last-name-1_69e89d128d5c8-label\" class=\"forminator-label\">Name <span class=\"forminator-required\">*<\/span><\/label><input type=\"text\" name=\"name-1-last-name\" placeholder=\"Name\" id=\"forminator-field-last-name-1_69e89d128d5c8\" class=\"forminator-input\" aria-required=\"true\" data-multi=\"1\" autocomplete=\"family-name\" value=\"\" \/><\/div><\/div><\/div><\/div><\/div><div class=\"forminator-row\"><div id=\"email-1\" class=\"forminator-field-email forminator-col forminator-col-12\"><div class=\"forminator-field\"><label for=\"forminator-field-email-1_69e89d128d5c8\" id=\"forminator-field-email-1_69e89d128d5c8-label\" class=\"forminator-label\">E-Mail-Adresse <span class=\"forminator-required\">*<\/span><\/label><input type=\"email\" name=\"email-1\" value=\"\" placeholder=\"Deine E-Mail-Adresse\" id=\"forminator-field-email-1_69e89d128d5c8\" class=\"forminator-input forminator-email--field\" data-required=\"true\" aria-required=\"true\" autocomplete=\"email\" \/><\/div><\/div><\/div><div class=\"forminator-row\"><div id=\"phone-1\" class=\"forminator-field-phone forminator-col forminator-col-12\"><div class=\"forminator-field\"><label for=\"forminator-field-phone-1_69e89d128d5c8\" id=\"forminator-field-phone-1_69e89d128d5c8-label\" class=\"forminator-label\">Telefon<\/label><input type=\"text\" name=\"phone-1\" value=\"\" placeholder=\"Telefonnummer\" id=\"forminator-field-phone-1_69e89d128d5c8\" class=\"forminator-input forminator-field--phone\" data-required=\"\" aria-required=\"false\" autocomplete=\"off\" \/><\/div><\/div><\/div><div class=\"forminator-row\"><div id=\"text-1\" class=\"forminator-field-text forminator-col forminator-col-12\"><div class=\"forminator-field\"><label for=\"forminator-field-text-1_69e89d128d5c8\" id=\"forminator-field-text-1_69e89d128d5c8-label\" class=\"forminator-label\">Objekt <span class=\"forminator-required\">*<\/span><\/label><input type=\"text\" name=\"text-1\" value=\"\" placeholder=\"Thema Ihrer Anfrage\" id=\"forminator-field-text-1_69e89d128d5c8\" class=\"forminator-input forminator-name--field\" data-required=\"1\" \/><\/div><\/div><\/div><div class=\"forminator-row\"><div id=\"textarea-1\" class=\"forminator-field-textarea forminator-col forminator-col-12\"><div class=\"forminator-field\"><label for=\"forminator-field-textarea-1_69e89d128d5c8\" id=\"forminator-field-textarea-1_69e89d128d5c8-label\" class=\"forminator-label\">Nachricht<\/label><span id=\"forminator-field-textarea-1_69e89d128d5c8-description\" class=\"forminator-description\"><span data-limit=\"180\" data-type=\"characters\" data-editor=\"\">0 \/ 180<\/span><\/span><textarea name=\"textarea-1\" placeholder=\"Geben Sie Ihre Nachricht ein\" id=\"forminator-field-textarea-1_69e89d128d5c8\" class=\"forminator-textarea\" rows=\"6\" style=\"--forminator-textarea-min-height:140px;\" maxlength=\"180\" ><\/textarea><\/div><\/div><\/div><input type=\"hidden\" name=\"referer_url\" value=\"\" \/><div class=\"forminator-row forminator-row-last\"><div class=\"forminator-col\"><div class=\"forminator-field\"><button class=\"forminator-button forminator-button-submit dt-btn\">Senden Sie<\/button><\/div><\/div><\/div><input type=\"hidden\" id=\"forminator_nonce\" name=\"forminator_nonce\" value=\"242f6d6587\" \/><input type=\"hidden\" name=\"_wp_http_referer\" value=\"\/de\/wp-json\/wp\/v2\/pages\/1083\" \/><input type=\"hidden\" name=\"form_id\" value=\"1084\"><input type=\"hidden\" name=\"page_id\" value=\"1083\"><input type=\"hidden\" name=\"form_type\" value=\"default\"><input type=\"hidden\" name=\"current_url\" value=\"https:\/\/abex.be\/de\/mentions-legales\/\"><input type=\"hidden\" name=\"render_id\" value=\"0\"><input type=\"hidden\" name=\"action\" value=\"forminator_submit_form_custom-forms\"><input type=\"hidden\" name=\"trp-form-language\" value=\"de\"\/><\/form>\n\n\t\t<\/div>\n\t<\/div>\n<\/div><\/div><\/div><\/div><\/div>\n<\/div>","protected":false},"excerpt":{"rendered":"<p>Kontaktdaten: ABEX asbl Adresse: avenue G. Lecointe 50 1180 Uccle Unternehmensnummer (BCE\/TVA): BE0414.175.053 E-Mail: info@abex.be Telefon: +32 (0)2 523 73 33 Wer sammelt Ihre Daten? EYLETTERS Murielle | ABEX Avenue Georges Lecointe, 50 - 1180 BRUXELLES - BELGIQUE Email presidence@abex.be Tel: +32 2 523 73 33 Der Verantwortliche f\u00fcr die...<\/p>","protected":false},"author":1,"featured_media":0,"parent":0,"menu_order":0,"comment_status":"closed","ping_status":"closed","template":"","meta":{"footnotes":""},"class_list":["post-1083","page","type-page","status-publish","hentry","description-off"],"yoast_head":"<!-- This site is optimized with the Yoast SEO plugin v27.4 - https:\/\/yoast.com\/product\/yoast-seo-wordpress\/ -->\n<title>Mentions l\u00e9gales - ABEX<\/title>\n<meta name=\"robots\" content=\"index, follow, max-snippet:-1, max-image-preview:large, max-video-preview:-1\" \/>\n<link rel=\"canonical\" href=\"https:\/\/abex.be\/de\/rechtliche-hinweise\/\" \/>\n<meta property=\"og:locale\" content=\"de_DE\" \/>\n<meta property=\"og:type\" content=\"article\" \/>\n<meta property=\"og:title\" content=\"Mentions l\u00e9gales - ABEX\" \/>\n<meta property=\"og:url\" content=\"https:\/\/abex.be\/de\/rechtliche-hinweise\/\" \/>\n<meta property=\"og:site_name\" content=\"ABEX\" \/>\n<meta name=\"twitter:card\" content=\"summary_large_image\" \/>\n<meta name=\"twitter:label1\" content=\"Gesch\u00e4tzte Lesezeit\" \/>\n\t<meta name=\"twitter:data1\" content=\"2\u00a0Minuten\" \/>\n<script type=\"application\/ld+json\" class=\"yoast-schema-graph\">{\"@context\":\"https:\\\/\\\/schema.org\",\"@graph\":[{\"@type\":\"WebPage\",\"@id\":\"https:\\\/\\\/abex.be\\\/mentions-legales\\\/\",\"url\":\"https:\\\/\\\/abex.be\\\/mentions-legales\\\/\",\"name\":\"Mentions l\u00e9gales - ABEX\",\"isPartOf\":{\"@id\":\"https:\\\/\\\/abex.be\\\/#website\"},\"datePublished\":\"2025-08-15T08:58:25+00:00\",\"breadcrumb\":{\"@id\":\"https:\\\/\\\/abex.be\\\/mentions-legales\\\/#breadcrumb\"},\"inLanguage\":\"de\",\"potentialAction\":[{\"@type\":\"ReadAction\",\"target\":[\"https:\\\/\\\/abex.be\\\/mentions-legales\\\/\"]}]},{\"@type\":\"BreadcrumbList\",\"@id\":\"https:\\\/\\\/abex.be\\\/mentions-legales\\\/#breadcrumb\",\"itemListElement\":[{\"@type\":\"ListItem\",\"position\":1,\"name\":\"Accueil\",\"item\":\"https:\\\/\\\/abex.be\\\/\"},{\"@type\":\"ListItem\",\"position\":2,\"name\":\"Mentions l\u00e9gales\"}]},{\"@type\":\"WebSite\",\"@id\":\"https:\\\/\\\/abex.be\\\/#website\",\"url\":\"https:\\\/\\\/abex.be\\\/\",\"name\":\"ABEX\",\"description\":\"Association belge des Experts - Associatie van Belgische experten\",\"publisher\":{\"@id\":\"https:\\\/\\\/abex.be\\\/#organization\"},\"potentialAction\":[{\"@type\":\"SearchAction\",\"target\":{\"@type\":\"EntryPoint\",\"urlTemplate\":\"https:\\\/\\\/abex.be\\\/?s={search_term_string}\"},\"query-input\":{\"@type\":\"PropertyValueSpecification\",\"valueRequired\":true,\"valueName\":\"search_term_string\"}}],\"inLanguage\":\"de\"},{\"@type\":\"Organization\",\"@id\":\"https:\\\/\\\/abex.be\\\/#organization\",\"name\":\"Association belge des Experts - Associatie van Belgische experten\",\"url\":\"https:\\\/\\\/abex.be\\\/\",\"logo\":{\"@type\":\"ImageObject\",\"inLanguage\":\"de\",\"@id\":\"https:\\\/\\\/abex.be\\\/#\\\/schema\\\/logo\\\/image\\\/\",\"url\":\"https:\\\/\\\/abex.be\\\/wp-content\\\/uploads\\\/2025\\\/07\\\/ABEX-old-logo-blue-281.png\",\"contentUrl\":\"https:\\\/\\\/abex.be\\\/wp-content\\\/uploads\\\/2025\\\/07\\\/ABEX-old-logo-blue-281.png\",\"width\":1024,\"height\":1024,\"caption\":\"Association belge des Experts - Associatie van Belgische experten\"},\"image\":{\"@id\":\"https:\\\/\\\/abex.be\\\/#\\\/schema\\\/logo\\\/image\\\/\"},\"sameAs\":[\"https:\\\/\\\/www.linkedin.com\\\/company\\\/abex-up\\\/\"]}]}<\/script>\n<!-- \/ Yoast SEO plugin. -->","yoast_head_json":{"title":"Rechtliche Hinweise - ABEX","robots":{"index":"index","follow":"follow","max-snippet":"max-snippet:-1","max-image-preview":"max-image-preview:large","max-video-preview":"max-video-preview:-1"},"canonical":"https:\/\/abex.be\/de\/rechtliche-hinweise\/","og_locale":"de_DE","og_type":"article","og_title":"Mentions l\u00e9gales - ABEX","og_url":"https:\/\/abex.be\/de\/rechtliche-hinweise\/","og_site_name":"ABEX","twitter_card":"summary_large_image","twitter_misc":{"Gesch\u00e4tzte Lesezeit":"2\u00a0Minuten"},"schema":{"@context":"https:\/\/schema.org","@graph":[{"@type":"WebPage","@id":"https:\/\/abex.be\/mentions-legales\/","url":"https:\/\/abex.be\/mentions-legales\/","name":"Rechtliche Hinweise - ABEX","isPartOf":{"@id":"https:\/\/abex.be\/#website"},"datePublished":"2025-08-15T08:58:25+00:00","breadcrumb":{"@id":"https:\/\/abex.be\/mentions-legales\/#breadcrumb"},"inLanguage":"de","potentialAction":[{"@type":"ReadAction","target":["https:\/\/abex.be\/mentions-legales\/"]}]},{"@type":"BreadcrumbList","@id":"https:\/\/abex.be\/mentions-legales\/#breadcrumb","itemListElement":[{"@type":"ListItem","position":1,"name":"Accueil","item":"https:\/\/abex.be\/"},{"@type":"ListItem","position":2,"name":"Mentions l\u00e9gales"}]},{"@type":"WebSite","@id":"https:\/\/abex.be\/#website","url":"https:\/\/abex.be\/","name":"ABEX","description":"Association belge des Experts - Associatie van Belgische experten","publisher":{"@id":"https:\/\/abex.be\/#organization"},"potentialAction":[{"@type":"SearchAction","target":{"@type":"EntryPoint","urlTemplate":"https:\/\/abex.be\/?s={search_term_string}"},"query-input":{"@type":"PropertyValueSpecification","valueRequired":true,"valueName":"search_term_string"}}],"inLanguage":"de"},{"@type":"Organization","@id":"https:\/\/abex.be\/#organization","name":"Association belge des Experts - Associatie van Belgische experten","url":"https:\/\/abex.be\/","logo":{"@type":"ImageObject","inLanguage":"de","@id":"https:\/\/abex.be\/#\/schema\/logo\/image\/","url":"https:\/\/abex.be\/wp-content\/uploads\/2025\/07\/ABEX-old-logo-blue-281.png","contentUrl":"https:\/\/abex.be\/wp-content\/uploads\/2025\/07\/ABEX-old-logo-blue-281.png","width":1024,"height":1024,"caption":"Association belge des Experts - Associatie van Belgische experten"},"image":{"@id":"https:\/\/abex.be\/#\/schema\/logo\/image\/"},"sameAs":["https:\/\/www.linkedin.com\/company\/abex-up\/"]}]}},"_links":{"self":[{"href":"https:\/\/abex.be\/de\/wp-json\/wp\/v2\/pages\/1083","targetHints":{"allow":["GET"]}}],"collection":[{"href":"https:\/\/abex.be\/de\/wp-json\/wp\/v2\/pages"}],"about":[{"href":"https:\/\/abex.be\/de\/wp-json\/wp\/v2\/types\/page"}],"author":[{"embeddable":true,"href":"https:\/\/abex.be\/de\/wp-json\/wp\/v2\/users\/1"}],"replies":[{"embeddable":true,"href":"https:\/\/abex.be\/de\/wp-json\/wp\/v2\/comments?post=1083"}],"version-history":[{"count":0,"href":"https:\/\/abex.be\/de\/wp-json\/wp\/v2\/pages\/1083\/revisions"}],"wp:attachment":[{"href":"https:\/\/abex.be\/de\/wp-json\/wp\/v2\/media?parent=1083"}],"curies":[{"name":"wp","href":"https:\/\/api.w.org\/{rel}","templated":true}]}}